{"id":599,"date":"2023-08-08T14:53:02","date_gmt":"2023-08-08T14:53:02","guid":{"rendered":"https:\/\/pruebasfit.xyz\/?page_id=599"},"modified":"2024-09-26T14:36:40","modified_gmt":"2024-09-26T14:36:40","slug":"politica-de-privacidad","status":"publish","type":"page","link":"https:\/\/garleyauto.com\/it\/politica-de-privacidad\/","title":{"rendered":"Informativa sulla privacy"},"content":{"rendered":"<div data-elementor-type=\"wp-page\" data-elementor-id=\"599\" class=\"elementor elementor-599\" data-elementor-post-type=\"page\">\n\t\t\t\t\t\t<section class=\"elementor-section elementor-top-section elementor-element elementor-element-e32c8f4 elementor-section-boxed elementor-section-height-default elementor-section-height-default\" data-id=\"e32c8f4\" data-element_type=\"section\" data-e-type=\"section\" id=\"politica-privacidad\" data-settings=\"{&quot;background_background&quot;:&quot;classic&quot;}\">\n\t\t\t\t\t\t<div class=\"elementor-container elementor-column-gap-default\">\n\t\t\t\t\t<div class=\"elementor-column elementor-col-100 elementor-top-column elementor-element elementor-element-4f03864\" data-id=\"4f03864\" data-element_type=\"column\" data-e-type=\"column\">\n\t\t\t<div class=\"elementor-widget-wrap elementor-element-populated\">\n\t\t\t\t\t\t<div class=\"elementor-element elementor-element-cbc32cc elementor-widget elementor-widget-text-editor\" data-id=\"cbc32cc\" data-element_type=\"widget\" data-e-type=\"widget\" data-widget_type=\"text-editor.default\">\n\t\t\t\t<div class=\"elementor-widget-container\">\n\t\t\t\t\t\t\t\t\t<p><b>POLITICA SULLA PRIVACY E SULLA PROTEZIONE DEI DATI<\/b><\/p><ol><li><b> Raccolta, elaborazione e utilizzo dei dati personali sul sito web:<\/b><\/li><\/ol><p><span style=\"font-weight: 400;\">Sulla base delle disposizioni del Regolamento generale sulla protezione dei dati 2016\/679 (RGPD) e della Legge organica 3\/2018, sulla protezione dei dati personali e sulla garanzia dei diritti digitali (LOPDGDD), ti informiamo che per utilizzare alcuni dei servizi offerti dal nostro sito Web, potrebbe essere necessario fornirci alcuni dati personali che verranno incorporati in file automatizzati.<\/span><\/p><p><span style=\"font-weight: 400;\">Conforme alle nuove disposizioni del Regolamento (UE) 2016\/679 del PE e del Consiglio del 27 aprile 2016 e della Legge organica 3\/2018, del 5 dicembre, sulla protezione dei dati personali e sulla garanzia dei diritti digitali, relativi a tutela delle persone fisiche con riguardo al trattamento dei dati personali nonch\u00e9 alla libera circolazione di tali dati e con cui viene abrogata la Direttiva 95\/46\/CE, La informiamo che il responsabile del trattamento dei dati \u00e8:<\/span><\/p><p><span style=\"font-weight: 400;\">Nome dell&#039;azienda: QUIMI ROMAR SLU<\/span><\/p><p><span style=\"font-weight: 400;\">NIF: B46660502<\/span><\/p><p><span style=\"font-weight: 400;\">Indirizzo principale: CRTA. MONCADA A NAQUERA CV 315, KM 11.2, \u2013 46119 NAQUERA (Val\u00e8ncia).\u00a0<\/span><\/p><p><span style=\"font-weight: 400;\">E-mail: info@garleyauto.com<\/span><\/p><p><span style=\"font-weight: 400;\">Numero di telefono di contatto: 961399826<\/span><\/p><p><span style=\"font-weight: 400;\">Sito web: www.garleyauto.com\u00a0<\/span><\/p><p><span style=\"font-weight: 400;\">Per effettuare qualsiasi tipo di osservazione riguardante possibili violazioni dei diritti di propriet\u00e0 intellettuale o industriale, nonch\u00e9 di qualsiasi contenuto del sito Web, \u00e8 possibile farlo contattando l&#039;azienda tramite uno qualsiasi dei mezzi sopra indicati.\u00a0<\/span><\/p><p><span style=\"font-weight: 400;\">I contenuti del Sito hanno lo scopo di informare gli utenti sui servizi offerti dalla societ\u00e0 a seguito delle richieste, delle procedure o dei procedimenti che l&#039;Utente effettua attraverso il sito web. I dati oggetto del trattamento saranno quelli che ci fornirai attraverso i moduli che la pagina contiene in qualsiasi momento o attraverso le email che l&#039;Utente invia agli indirizzi email ivi identificati, nonch\u00e9 eventuali altri che vengono generati durante la manutenzione della la relazione corrispondente.<\/span><\/p><p><span style=\"font-weight: 400;\">Tutti i campi che appaiono contrassegnati come obbligatori in uno qualsiasi dei moduli devono essere necessariamente compilati, in modo tale che l&#039;omissione di uno di essi potrebbe comportare l&#039;impossibilit\u00e0 di rispondere alla tua richiesta o di fornirti i servizi corrispondenti.<\/span><\/p><p><span style=\"font-weight: 400;\">Inoltre, nel corso di detta raccolta dei dati, il tuo consenso potr\u00e0 essere richiesto per un&#039;altra serie di finalit\u00e0 non direttamente connesse al servizio o al rapporto corrispondente. Nel caso in cui non acconsenti a tali trattamenti aggiuntivi, ti invitiamo a spuntare la casella prevista a tale scopo, a seconda dei casi.\u00a0<\/span><\/p><p><span style=\"font-weight: 400;\">Richiedenti informazioni: I dati personali utilizzati in questi casi provengono dall&#039;interessato, che li fornisce a QUIMI ROMAR SLU quando compila il modulo di contatto contenuto nel Sito, quando effettua una telefonata o quando invia un&#039;e-mail.<\/span><\/p><p><span style=\"font-weight: 400;\">Questi dati vengono utilizzati al fine di risolvere quesiti e fornire informazioni a coloro che ne fanno richiesta o autorizzano espressamente, principalmente tramite posta elettronica.<\/span><\/p><p><span style=\"font-weight: 400;\">La persona che accede a questo Sito Web (di seguito, l&#039;Utente), garantisce di avere l&#039;et\u00e0 minima legale stabilita dal Regolamento generale sulla protezione dei dati 679\/2016 (14 anni) o dalle normative nazionali che si applicano alla sua concessione consenso in relazione ai servizi della societ\u00e0 dell&#039;informazione.<\/span><\/p><p>\u00a0<\/p><p><span style=\"font-weight: 400;\">Accedendo a questo Sito Web, l&#039;Utente accetta espressamente tutte le clausole delle sue informazioni legali, della presente politica sulla privacy e della sua politica sui cookie, nonch\u00e9 tutte quelle condizioni particolari raccolte per l&#039;utilizzo di determinati servizi. Nel caso non si accetti una qualsiasi delle clausole sopra indicate, l&#039;Utente dovr\u00e0 astenersi dall&#039;accedere al presente Sito Web.<\/span><\/p><p><span style=\"font-weight: 400;\">Accedendo agli account di QUIMI ROMAR SLU sui social network, l&#039;Utente accetta il trattamento dei propri dati personali da parte degli stessi secondo le loro politiche sulla privacy: Politica sulla privacy dei social network<\/span><\/p><ol start=\"2\"><li><b> Finalit\u00e0 del trattamento dei dati personali:<\/b><\/li><\/ol><p><span style=\"font-weight: 400;\">2.1. Per quale scopo tratteremo i tuoi dati personali?<\/span><\/p><p><span style=\"font-weight: 400;\">Presso QUIMI ROMAR SLU tratteremo i tuoi dati personali, raccolti attraverso il Sito Web per i seguenti scopi:<\/span><\/p><p><span style=\"font-weight: 400;\">\u2013 Invio delle informazioni richieste tramite i moduli di contatto forniti sul Sito allo scopo di richiedere qualsiasi tipo di domanda relativa ai prodotti o servizi forniti dalla societ\u00e0.<\/span><\/p><p><span style=\"font-weight: 400;\">\u2013 Raccolta dati e curriculum delle persone interessate a partecipare ai processi di selezione del personale per l\u2019assunzione di dipendenti in azienda.<\/span><\/p><p><span style=\"font-weight: 400;\">\u2013 Inviare bollettini -newsletter-, nonch\u00e9 comunicazioni commerciali di promozioni e\/o pubblicit\u00e0 del Sito.<\/span><\/p><p><span style=\"font-weight: 400;\">Allo stesso modo, ti ricordiamo che puoi opporti all&#039;invio di comunicazioni commerciali con qualsiasi mezzo e in qualsiasi momento, contattando QUIMI ROMAR SLU.<\/span><\/p><p><span style=\"font-weight: 400;\">I campi di questi record devono essere compilati e senza questi dati non sar\u00e0 possibile raggiungere gli scopi indicati.<\/span><\/p><p><span style=\"font-weight: 400;\">2.2. Per quanto tempo vengono conservati i dati personali raccolti?<\/span><\/p><p><span style=\"font-weight: 400;\">I dati personali forniti saranno conservati finch\u00e9 la tua comunicazione sar\u00e0 gestita e\/o non ne richiederai la cancellazione e per il tempo minimo necessario per adempiere agli obblighi di legge o potrebbero sorgere responsabilit\u00e0 legali per i servizi forniti.<\/span><\/p><ol start=\"3\"><li><b> Legittimazione:<\/b><\/li><\/ol><p><span style=\"font-weight: 400;\">Il trattamento dei Suoi dati viene effettuato con le seguenti basi giuridiche che lo legittimano:<\/span><\/p><p><span style=\"font-weight: 400;\">\u2013 Consenso libero, specifico, informato e inequivocabile, come ti informiamo mettendoti a disposizione la presente informativa sulla privacy.<\/span><\/p><p><span style=\"font-weight: 400;\">Se non ci fornisci i tuoi dati o lo fai in modo errato o incompleto, non saremo in grado di rispondere alla tua richiesta, rendendo completamente impossibile fornirti le informazioni richieste o eseguire la contrattazione dei servizi.<\/span><\/p><ol start=\"4\"><li><b> Garanzia:<\/b><\/li><\/ol><p><span style=\"font-weight: 400;\">L&#039;Utente garantisce che i dati forniti sono veritieri, accurati, completi e aggiornati e \u00e8 responsabile per qualsiasi danno o perdita, diretta o indiretta, che dovesse derivare a seguito del mancato rispetto di tale obbligo. Nel caso in cui i dati forniti appartengano a terzi, l&#039;Utente garantisce di aver informato tali terzi e di aver ottenuto il loro consenso a fornire i propri dati personali a QUIMI ROMAR SLU.<\/span><\/p><p><br \/><br \/><\/p><ol start=\"5\"><li><b> Conservazione dei dati:<\/b><\/li><\/ol><p><span style=\"font-weight: 400;\">I tuoi dati saranno conservati finch\u00e9 verr\u00e0 mantenuto il rapporto contrattuale o per gli anni necessari per adempiere agli obblighi di legge, finch\u00e9 non ne richiederai la cessazione o per il tempo necessario all&#039;espletamento delle finalit\u00e0 necessarie a quelle raccolte.<\/span><\/p><ol start=\"6\"><li><b> Destinatari:<\/b><\/li><\/ol><p><span style=\"font-weight: 400;\">I tuoi dati saranno conservati secondo rigorose misure di sicurezza che ne garantiscono la riservatezza e la sicurezza. Allo stesso modo, saranno trasferiti solo alle entit\u00e0 e per i seguenti scopi:<\/span><\/p><p><span style=\"font-weight: 400;\">-Enti e fornitori che forniscono servizi a QUIMI ROMAR SLU per la corretta prestazione di tali servizi. Tali entit\u00e0 e fornitori sono debitamente accreditati e firmano con noi il corrispondente contratto di trattamento dei dati in conformit\u00e0 con le attuali norme sulla protezione dei dati.<\/span><\/p><p><span style=\"font-weight: 400;\">-Organizzazioni ed enti ufficiali in conformit\u00e0 con le normative e le leggi vigenti.<\/span><\/p><p><span style=\"font-weight: 400;\">Destinatari al di fuori dell&#039;Unione Europea: QUIMI ROMAR SLU non trasferisce i dati personali a terzi n\u00e9 stipula contratti con fornitori di servizi al di fuori dell&#039;Unione Europea.<\/span><\/p><p><span style=\"font-weight: 400;\">I dati non saranno comunicati a terzi diversi da QUIMI ROMAR SLU, al di fuori dei casi sopra descritti, salvo obbligo di legge o previa autorizzazione.<\/span><\/p><ol start=\"7\"><li><b> Diritti:<\/b><\/li><\/ol><p><span style=\"font-weight: 400;\">In qualit\u00e0 di interessato che ci ha fornito i tuoi dati personali, hai tutto il diritto di ottenere conferma se presso QUIMI ROMAR SLU stiamo trattando i tuoi dati personali, e in particolare hai il diritto di esercitare i seguenti diritti previsti dalla normativa sulla protezione dei dati riconoscere, secondo le sue disposizioni:<\/span><\/p><p><span style=\"font-weight: 400;\">\u2013 Diritto di ACCESSO ai tuoi dati personali.<\/span><\/p><p><span style=\"font-weight: 400;\">\u2013 Diritto di richiedere la RETTIFICA dei dati inesatti.<\/span><\/p><p><span style=\"font-weight: 400;\">\u2013 Diritto di richiederne la CANCELLAZIONE quando, tra le altre ragioni, i dati non sono pi\u00f9 necessari per gli scopi per i quali sono stati raccolti.<\/span><\/p><p><span style=\"font-weight: 400;\">\u2013 In determinate circostanze, puoi richiedere la LIMITAZIONE DEL TRATTAMENTO dei tuoi dati, nel qual caso li conserveremo solo per l\u2019esercizio o la difesa dei reclami.<\/span><\/p><p><span style=\"font-weight: 400;\">\u2013 In determinate circostanze e per motivi legati alla loro situazione particolare, gli interessati possono esercitare il diritto di OPPOSIZIONE al trattamento dei propri dati. Interromperemo il trattamento dei dati, salvo che per motivi legittimi impellenti o per l&#039;esercizio o la difesa di possibili reclami.<\/span><\/p><p><span style=\"font-weight: 400;\">\u2013 In determinate circostanze e per motivi legati alla tua situazione particolare, potrai richiedere il tuo diritto alla PORTABILIT\u00c0 dei dati.<\/span><\/p><p><span style=\"font-weight: 400;\">Potrai esercitare tali diritti o richiedere ulteriori informazioni presentando copia di un documento di identit\u00e0 ed esponendo brevemente il tuo caso e il diritto che intendi esercitare, mediante lettera indirizzata a QUIMI ROMAR SLU all&#039;indirizzo principale situato presso CRTA. MONCADA A NAQUERA CV 315, KM 11.2, \u2013 46119 NAQUERA (Val\u00e8ncia) o tramite l\u2019indirizzo email info@garleyauto.com.<\/span><\/p><p><span style=\"font-weight: 400;\">Inoltre, nel caso in cui uno qualsiasi dei suoi diritti sia stato violato, l&#039;interessato ha il diritto di presentare un reclamo all&#039;Agenzia spagnola per la protezione dei dati (AEPD), in C\/ Jorge Juan, 6, 28001-Madrid o tramite la sede. elettronico dell&#039;AEPD: https:\/\/sedeagpd.gob.es\/sede-electronica-web\/.\u00a0<\/span><\/p><p>\u00a0<\/p><ol start=\"8\"><li><b> Durata e modifica della Privacy Policy:<\/b><\/li><\/ol><p><span style=\"font-weight: 400;\">QUIMI ROMAR SLU si riserva il diritto di modificare, totalmente o parzialmente, la presente Informativa sulla Privacy, pubblicando le modifiche sul Sito. Allo stesso modo, potr\u00e0 apportare le modifiche che riterr\u00e0 opportune senza preavviso e potr\u00e0 cambiare, eliminare o aggiungere sia i contenuti che i servizi forniti, nonch\u00e9 il modo in cui sono presentati o localizzati. Di conseguenza, le condizioni generali\/Policy pubblicate al momento dell&#039;accesso dell&#039;Utente si intenderanno vigenti e dovranno essere lette periodicamente.<\/span><\/p><p><span style=\"font-weight: 400;\">Indipendentemente da quanto previsto, QUIMI ROMAR SLU potr\u00e0 terminare, sospendere o interrompere, in qualsiasi momento e senza preavviso, l&#039;accesso ai contenuti del Sito, senza che l&#039;Utente possa pretendere alcun indennizzo.\u00a0<\/span><\/p><p><span style=\"font-weight: 400;\">Informativa sulla privacy scritta e fornita da PROTECTION REPORT S, SL, <\/span><a href=\"https:\/\/www.protectionreport.com\"><span style=\"font-weight: 400;\">Azienda GDPR<\/span><\/a><span style=\"font-weight: 400;\">, che si riserva le opportune azioni legali contro chiunque copi e utilizzi illegittimamente i contenuti.<\/span><i><span style=\"font-weight: 400;\">O.<\/span><\/i><\/p>\t\t\t\t\t\t\t\t<\/div>\n\t\t\t\t<\/div>\n\t\t\t\t\t<\/div>\n\t\t<\/div>\n\t\t\t\t\t<\/div>\n\t\t<\/section>\n\t\t\t\t<\/div>","protected":false},"excerpt":{"rendered":"<p>POLITICA PRIVACIDAD Y PROTECCI\u00d3N DE DATOS Recogida, tratamiento y uso de los datos personales en la web: En base a lo dispuesto en el Reglamento General de Protecci\u00f3n de Datos 2016\/679 (RGPD) y en la Ley Org\u00e1nica 3\/2018, de Protecci\u00f3n de Datos Personales y garant\u00eda de derechos digitales (LOPDGDD), le informamos que para hacer uso [&hellip;]<\/p>\n","protected":false},"author":1,"featured_media":0,"parent":0,"menu_order":0,"comment_status":"closed","ping_status":"closed","template":"","meta":{"footnotes":"","_wp_rev_ctl_limit":""},"class_list":["post-599","page","type-page","status-publish","hentry"],"yoast_head":"<!-- This site is optimized with the Yoast SEO plugin v24.5 - https:\/\/yoast.com\/wordpress\/plugins\/seo\/ -->\n<title>Pol\u00edtica de privacidad -<\/title>\n<meta name=\"robots\" content=\"noindex, nofollow\" \/>\n<meta property=\"og:locale\" content=\"it_IT\" \/>\n<meta property=\"og:type\" content=\"article\" \/>\n<meta property=\"og:title\" content=\"Pol\u00edtica de privacidad -\" \/>\n<meta property=\"og:description\" content=\"POLITICA PRIVACIDAD Y PROTECCI\u00d3N DE DATOS Recogida, tratamiento y uso de los datos personales en la web: En base a lo dispuesto en el Reglamento General de Protecci\u00f3n de Datos 2016\/679 (RGPD) y en la Ley Org\u00e1nica 3\/2018, de Protecci\u00f3n de Datos Personales y garant\u00eda de derechos digitales (LOPDGDD), le informamos que para hacer uso [&hellip;]\" \/>\n<meta property=\"og:url\" content=\"https:\/\/garleyauto.com\/it\/politica-de-privacidad\/\" \/>\n<meta property=\"article:modified_time\" content=\"2024-09-26T14:36:40+00:00\" \/>\n<meta name=\"twitter:card\" content=\"summary_large_image\" \/>\n<meta name=\"twitter:label1\" content=\"Tempo di lettura stimato\" \/>\n\t<meta name=\"twitter:data1\" content=\"8 minuti\" \/>\n<script type=\"application\/ld+json\" class=\"yoast-schema-graph\">{\"@context\":\"https:\/\/schema.org\",\"@graph\":[{\"@type\":\"WebPage\",\"@id\":\"https:\/\/garleyauto.com\/politica-de-privacidad\/\",\"url\":\"https:\/\/garleyauto.com\/politica-de-privacidad\/\",\"name\":\"Pol\u00edtica de privacidad -\",\"isPartOf\":{\"@id\":\"https:\/\/garleyauto.com\/#website\"},\"datePublished\":\"2023-08-08T14:53:02+00:00\",\"dateModified\":\"2024-09-26T14:36:40+00:00\",\"breadcrumb\":{\"@id\":\"https:\/\/garleyauto.com\/politica-de-privacidad\/#breadcrumb\"},\"inLanguage\":\"it-IT\",\"potentialAction\":[{\"@type\":\"ReadAction\",\"target\":[\"https:\/\/garleyauto.com\/politica-de-privacidad\/\"]}]},{\"@type\":\"BreadcrumbList\",\"@id\":\"https:\/\/garleyauto.com\/politica-de-privacidad\/#breadcrumb\",\"itemListElement\":[{\"@type\":\"ListItem\",\"position\":1,\"name\":\"Portada\",\"item\":\"https:\/\/garleyauto.com\/\"},{\"@type\":\"ListItem\",\"position\":2,\"name\":\"Pol\u00edtica de privacidad\"}]},{\"@type\":\"WebSite\",\"@id\":\"https:\/\/garleyauto.com\/#website\",\"url\":\"https:\/\/garleyauto.com\/\",\"name\":\"\",\"description\":\"\",\"potentialAction\":[{\"@type\":\"SearchAction\",\"target\":{\"@type\":\"EntryPoint\",\"urlTemplate\":\"https:\/\/garleyauto.com\/?s={search_term_string}\"},\"query-input\":{\"@type\":\"PropertyValueSpecification\",\"valueRequired\":true,\"valueName\":\"search_term_string\"}}],\"inLanguage\":\"it-IT\"}]}<\/script>\n<!-- \/ Yoast SEO plugin. -->","yoast_head_json":{"title":"Pol\u00edtica de privacidad -","robots":{"index":"noindex","follow":"nofollow"},"og_locale":"it_IT","og_type":"article","og_title":"Pol\u00edtica de privacidad -","og_description":"POLITICA PRIVACIDAD Y PROTECCI\u00d3N DE DATOS Recogida, tratamiento y uso de los datos personales en la web: En base a lo dispuesto en el Reglamento General de Protecci\u00f3n de Datos 2016\/679 (RGPD) y en la Ley Org\u00e1nica 3\/2018, de Protecci\u00f3n de Datos Personales y garant\u00eda de derechos digitales (LOPDGDD), le informamos que para hacer uso [&hellip;]","og_url":"https:\/\/garleyauto.com\/it\/politica-de-privacidad\/","article_modified_time":"2024-09-26T14:36:40+00:00","twitter_card":"summary_large_image","twitter_misc":{"Tempo di lettura stimato":"8 minuti"},"schema":{"@context":"https:\/\/schema.org","@graph":[{"@type":"WebPage","@id":"https:\/\/garleyauto.com\/politica-de-privacidad\/","url":"https:\/\/garleyauto.com\/politica-de-privacidad\/","name":"Pol\u00edtica de privacidad -","isPartOf":{"@id":"https:\/\/garleyauto.com\/#website"},"datePublished":"2023-08-08T14:53:02+00:00","dateModified":"2024-09-26T14:36:40+00:00","breadcrumb":{"@id":"https:\/\/garleyauto.com\/politica-de-privacidad\/#breadcrumb"},"inLanguage":"it-IT","potentialAction":[{"@type":"ReadAction","target":["https:\/\/garleyauto.com\/politica-de-privacidad\/"]}]},{"@type":"BreadcrumbList","@id":"https:\/\/garleyauto.com\/politica-de-privacidad\/#breadcrumb","itemListElement":[{"@type":"ListItem","position":1,"name":"Portada","item":"https:\/\/garleyauto.com\/"},{"@type":"ListItem","position":2,"name":"Pol\u00edtica de privacidad"}]},{"@type":"WebSite","@id":"https:\/\/garleyauto.com\/#website","url":"https:\/\/garleyauto.com\/","name":"","description":"","potentialAction":[{"@type":"SearchAction","target":{"@type":"EntryPoint","urlTemplate":"https:\/\/garleyauto.com\/?s={search_term_string}"},"query-input":{"@type":"PropertyValueSpecification","valueRequired":true,"valueName":"search_term_string"}}],"inLanguage":"it-IT"}]}},"_links":{"self":[{"href":"https:\/\/garleyauto.com\/it\/wp-json\/wp\/v2\/pages\/599","targetHints":{"allow":["GET"]}}],"collection":[{"href":"https:\/\/garleyauto.com\/it\/wp-json\/wp\/v2\/pages"}],"about":[{"href":"https:\/\/garleyauto.com\/it\/wp-json\/wp\/v2\/types\/page"}],"author":[{"embeddable":true,"href":"https:\/\/garleyauto.com\/it\/wp-json\/wp\/v2\/users\/1"}],"replies":[{"embeddable":true,"href":"https:\/\/garleyauto.com\/it\/wp-json\/wp\/v2\/comments?post=599"}],"version-history":[{"count":8,"href":"https:\/\/garleyauto.com\/it\/wp-json\/wp\/v2\/pages\/599\/revisions"}],"predecessor-version":[{"id":3515,"href":"https:\/\/garleyauto.com\/it\/wp-json\/wp\/v2\/pages\/599\/revisions\/3515"}],"wp:attachment":[{"href":"https:\/\/garleyauto.com\/it\/wp-json\/wp\/v2\/media?parent=599"}],"curies":[{"name":"wp","href":"https:\/\/api.w.org\/{rel}","templated":true}]}}