{"id":602,"date":"2023-08-08T14:53:23","date_gmt":"2023-08-08T14:53:23","guid":{"rendered":"https:\/\/pruebasfit.xyz\/?page_id=602"},"modified":"2024-09-25T10:27:05","modified_gmt":"2024-09-25T10:27:05","slug":"politica-de-cookies","status":"publish","type":"page","link":"https:\/\/garleyauto.com\/it\/politica-de-cookies\/","title":{"rendered":"Politica sui cookie"},"content":{"rendered":"<div data-elementor-type=\"wp-page\" data-elementor-id=\"602\" class=\"elementor elementor-602\" data-elementor-post-type=\"page\">\n\t\t\t\t\t\t<section class=\"elementor-section elementor-top-section elementor-element elementor-element-cd7357b elementor-section-boxed elementor-section-height-default elementor-section-height-default\" data-id=\"cd7357b\" data-element_type=\"section\" data-e-type=\"section\" id=\"politica-cookies\" data-settings=\"{&quot;background_background&quot;:&quot;classic&quot;}\">\n\t\t\t\t\t\t<div class=\"elementor-container elementor-column-gap-default\">\n\t\t\t\t\t<div class=\"elementor-column elementor-col-100 elementor-top-column elementor-element elementor-element-ad1d561\" data-id=\"ad1d561\" data-element_type=\"column\" data-e-type=\"column\">\n\t\t\t<div class=\"elementor-widget-wrap elementor-element-populated\">\n\t\t\t\t\t\t<div class=\"elementor-element elementor-element-94c066d elementor-widget elementor-widget-text-editor\" data-id=\"94c066d\" data-element_type=\"widget\" data-e-type=\"widget\" data-widget_type=\"text-editor.default\">\n\t\t\t\t<div class=\"elementor-widget-container\">\n\t\t\t\t\t\t\t\t\t<p><b>POLITICA SUI COOKIE<\/b><\/p><p><b>INFORMAZIONI SUI COOKIE<\/b><span style=\"font-weight: 400;\">\u00a0<\/span><\/p><p><span style=\"font-weight: 400;\">Ai sensi della legge 34\/2002, dell&#039;11 luglio, sui servizi della societ\u00e0 dell&#039;informazione e del commercio elettronico (LSSI), in relazione al regolamento (UE) 2016\/679 del Parlamento europeo e del Consiglio, del 27 aprile 2016, Protezione generale dei dati (GDPR) e la Legge Organica 3\/2018, del 5 dicembre, sulla Protezione dei Dati e la Garanzia dei Diritti Digitali (LOPDGDD), \u00e8 obbligatorio ottenere il consenso esplicito dell&#039;utente di tutte le pagine web che utilizzano cookie superflui, prima di navigare attraverso loro.\u00a0<\/span><\/p><p><b>COSA SONO I COOKIE?<\/b><span style=\"font-weight: 400;\">\u00a0<\/span><\/p><p><span style=\"font-weight: 400;\">IL <\/span><i><span style=\"font-weight: 400;\">biscotti <\/span><\/i><span style=\"font-weight: 400;\">e altre tecnologie simili come oggetti condivisi locali, flash <\/span><i><span style=\"font-weight: 400;\">biscotti <\/span><\/i><span style=\"font-weight: 400;\">o pixel, sono strumenti utilizzati dai server Web per archiviare e recuperare informazioni sui visitatori, nonch\u00e9 per garantire il corretto funzionamento del sito.<\/span><\/p><p><span style=\"font-weight: 400;\">Attraverso l&#039;uso di questi dispositivi, il server Web pu\u00f2 ricordare alcuni dati riguardanti l&#039;utente, come le sue preferenze nella visualizzazione delle pagine di quel server, nome e password, i prodotti che gli interessano di pi\u00f9, ecc.<\/span><\/p><p><b><i>BISCOTTI <\/i><\/b><b>INTERESSATO DALLA NORMATIVA E DAI COOKIE ESENTI<\/b><\/p><p><span style=\"font-weight: 400;\">Secondo la direttiva UE, <\/span><i><span style=\"font-weight: 400;\">biscotti <\/span><\/i><span style=\"font-weight: 400;\">che richiedono il consenso informato da parte dell&#039;utente sono i <\/span><i><span style=\"font-weight: 400;\">biscotti <\/span><\/i><span style=\"font-weight: 400;\">analisi e pubblicit\u00e0 e affiliazione, ad eccezione di quelli di natura tecnica e quelli necessari per il funzionamento del sito web o la fornitura di servizi espressamente richiesti dall&#039;utente.<\/span><\/p><p><b>TIPOLOGIE DI COOKIE<\/b><span style=\"font-weight: 400;\">\u00a0<\/span><\/p><p><b>SECONDO LO SCOPO<\/b><\/p><ul><li style=\"font-weight: 400;\" aria-level=\"1\"><b><i>Biscotti <\/i><\/b><b>tecnico e funzionale<\/b><span style=\"font-weight: 400;\">: sono quelli che consentono all&#039;utente di navigare attraverso una pagina web, piattaforma o applicazione e utilizzare le diverse opzioni o servizi in essa presenti<\/span><i><span style=\"font-weight: 400;\">.<\/span><\/i><span style=\"font-weight: 400;\">\u00a0<\/span><\/li><li style=\"font-weight: 400;\" aria-level=\"1\"><b><i>Biscotti <\/i><\/b><b>analitica<\/b><span style=\"font-weight: 400;\">: sono quelli che consentono al responsabile degli stessi di monitorare e analizzare il comportamento degli utenti dei siti web a cui sono collegati. Le informazioni raccolte attraverso questo tipo di <\/span><i><span style=\"font-weight: 400;\">biscotti<\/span><\/i><span style=\"font-weight: 400;\"> Viene utilizzato per misurare l&#039;attivit\u00e0 di siti Web, applicazioni o piattaforme e per creare profili di navigazione degli utenti di detti siti, applicazioni e piattaforme, al fine di introdurre miglioramenti basati sull&#039;analisi dei dati di utilizzo degli utenti del servizio.<\/span><\/li><li style=\"font-weight: 400;\" aria-level=\"1\"><b><i>Biscotti<\/i><\/b> <b>pubblicit\u00e0:<\/b><span style=\"font-weight: 400;\"> sono quelli che consentono la gestione, nel modo pi\u00f9 efficiente possibile, degli spazi pubblicitari che, se del caso, l&#039;editore ha incluso in una pagina web, applicazione o piattaforma da cui viene fornito il servizio richiesto in base a criteri quali il contenuto modificato o la frequenza con cui vengono visualizzati gli annunci.\u00a0<\/span><\/li><li style=\"font-weight: 400;\" aria-level=\"1\"><b><i>Biscotti <\/i><\/b><b>pubblicit\u00e0 comportamentale<\/b><span style=\"font-weight: 400;\">: raccogliere informazioni sulle preferenze e scelte personali dell&#039;utente (<\/span><i><span style=\"font-weight: 400;\">retargeting<\/span><\/i><span style=\"font-weight: 400;\">) per consentire la gestione, nel modo pi\u00f9 efficiente possibile, degli spazi pubblicitari che, se del caso, l&#039;editore ha inserito in una pagina web, applicazione o piattaforma da cui viene fornito il servizio richiesto.<\/span><\/li><li style=\"font-weight: 400;\" aria-level=\"1\"><b><i>Biscotti <\/i><\/b><b>sociale<\/b><span style=\"font-weight: 400;\">- sono impostati dalle piattaforme di social media sui servizi per consentirti di condividere contenuti con i tuoi amici e reti. Le piattaforme di social media hanno la capacit\u00e0 di tracciare la tua attivit\u00e0 online al di fuori dei Servizi. Ci\u00f2 potrebbe influire sul contenuto e sui messaggi che vedi su altri servizi che visiti.<\/span><\/li><li style=\"font-weight: 400;\" aria-level=\"1\"><b><i>Biscotti <\/i><\/b><b>degli affiliati<\/b><span style=\"font-weight: 400;\">: permettono di tracciare le visite provenienti da altri siti web, con i quali il sito instaura un contratto di affiliazione (societ\u00e0 affiliate).<\/span><\/li><li style=\"font-weight: 400;\" aria-level=\"1\"><b><i>Biscotti <\/i><\/b><b>sicurezza<\/b><span style=\"font-weight: 400;\">: Memorizzano informazioni crittografate per evitare che i dati in essi memorizzati siano vulnerabili ad attacchi dannosi da parte di terzi.<\/span><\/li><\/ul><p><span style=\"font-weight: 400;\"><br \/><br \/><\/span><\/p><p>\u00a0<\/p><p><b>SECONDO LA PROPRIET\u00c0<\/b><\/p><ul><li style=\"font-weight: 400;\" aria-level=\"1\"><b><i>Biscotti<\/i><\/b><b> Proprio<\/b><span style=\"font-weight: 400;\">: sono quelli che vengono inviati all&#039;apparecchiatura terminale dell&#039;utente da un computer o dominio gestito dall&#039;editore stesso e dal quale viene erogato il servizio richiesto dall&#039;utente.\u00a0<\/span><\/li><li style=\"font-weight: 400;\" aria-level=\"1\"><b><i>Biscotti<\/i><\/b> <b>da terzi:<\/b><span style=\"font-weight: 400;\"> sono quelli che vengono inviati al terminale dell&#039;utente da un computer o dominio non gestito dall&#039;editore, ma da un&#039;altra entit\u00e0 che elabora i dati ottenuti tramite i cookie.<\/span><\/li><\/ul><p><span style=\"font-weight: 400;\"><br \/><\/span><b>SECONDO IL PERIODO DI CONSERVAZIONE<\/b><\/p><ul><li style=\"font-weight: 400;\" aria-level=\"1\"><b><i>Biscotti<\/i><\/b><b> sessione:<\/b><span style=\"font-weight: 400;\"> Sono un tipo di <\/span><i><span style=\"font-weight: 400;\">biscotti<\/span><\/i><span style=\"font-weight: 400;\"> progettato per raccogliere e archiviare dati mentre l&#039;utente accede a una pagina web.\u00a0<\/span><\/li><li style=\"font-weight: 400;\" aria-level=\"1\"><b><i>Biscotti<\/i><\/b><b> persistente:<\/b><span style=\"font-weight: 400;\"> Sono un tipo di cookie in cui i dati continuano ad essere memorizzati nel terminale e sono accessibili ed elaborati durante un periodo definito dal responsabile del trattamento. <\/span><i><span style=\"font-weight: 400;\">biscotto<\/span><\/i><span style=\"font-weight: 400;\">, e che pu\u00f2 variare da pochi minuti a diversi anni.<\/span><\/li><\/ul><p><b>TRATTAMENTO DEI DATI PERSONALI<\/b><\/p><p><span style=\"font-weight: 400;\">QUIMI ROMAR SLU \u00e8 il <\/span><b>Responsabile del trattamento<\/b><span style=\"font-weight: 400;\"> dei dati personali del <\/span><b>Interessato <\/b><span style=\"font-weight: 400;\">e La informa che tali dati saranno trattati conformemente alle disposizioni del Regolamento (UE) 2016\/679, del 27 aprile 2016 (GDPR), per il quale si forniscono le seguenti informazioni sul trattamento:<\/span><\/p><p><b>Finalit\u00e0 del trattamento: <\/b><span style=\"font-weight: 400;\">come specificato nella sezione <\/span><i><span style=\"font-weight: 400;\">biscotti <\/span><\/i><span style=\"font-weight: 400;\">che vengono utilizzati su questo sito web.<\/span><\/p><p><b>Legittimazione del trattamento<\/b><span style=\"font-weight: 400;\">: salvo i casi in cui sia necessario per la navigazione sul sito, previo consenso dell&#039;interessato (art. 6.1.a GDPR).<\/span><\/p><p><b>Criteri di conservazione dei dati<\/b><span style=\"font-weight: 400;\">: come specificato nella sezione <\/span><i><span style=\"font-weight: 400;\">biscotti <\/span><\/i><span style=\"font-weight: 400;\">utilizzati sul web.<\/span><\/p><p><b>Comunicazione dei dati<\/b><span style=\"font-weight: 400;\">: i dati non saranno comunicati a terzi, salvo nei cookie di propriet\u00e0 di terzi o per obbligo di legge.<\/span><\/p><p><b>Diritti che assistono l\u2019Interessato<\/b><span style=\"font-weight: 400;\">:<\/span><\/p><p><span style=\"font-weight: 400;\">\u2013 Diritto di revocare il consenso in qualsiasi momento.<\/span><span style=\"font-weight: 400;\"><br \/><\/span><span style=\"font-weight: 400;\">\u2013 Diritto di accesso, rettifica, portabilit\u00e0 e cancellazione dei tuoi dati, e limitazione o opposizione al loro trattamento.<\/span><span style=\"font-weight: 400;\"><br \/><\/span><span style=\"font-weight: 400;\">\u2013 Diritto di presentare un reclamo all\u2019Autorit\u00e0 di controllo (www.aepd.es) se ritiene che il trattamento non sia conforme alla normativa vigente.<\/span><\/p><p><b>Informazioni di contatto per esercitare i tuoi diritti:<\/b><\/p><p><span style=\"font-weight: 400;\">QUIMI ROMAR SLU.<\/span> <span style=\"font-weight: 400;\">CRTA. MONCADA A NAQUERA CV 315, KM 11.2, \u2013 46119 NAQUERA (Val\u00e8ncia). E-mail: info@quimiromar.com<\/span><\/p><p><span style=\"font-weight: 400;\">\u00a0<\/span><\/p><p><span style=\"font-weight: 400;\">\u00a0<\/span><\/p><p><b>COOKIE UTILIZZATI SU QUESTO SITO<\/b><\/p><p><b>COOKIE CONTROLLATI DALL&#039;EDITORE<\/b><\/p><p><b>Tecnico e funzionale<\/b><\/p><table><tbody><tr><td><p><b>Propriet\u00e0<\/b><\/p><\/td><td><p><b>Biscotto<\/b><\/p><\/td><td><p><b>Scopo<\/b><\/p><\/td><td><p><b>Termine<\/b><\/p><\/td><\/tr><tr><td><p><span style=\"font-weight: 400;\">garleyauto.com<\/span><\/p><\/td><td><p><b>cookiesi-consenso<\/b><\/p><\/td><td><p><span style=\"font-weight: 400;\">Cookie necessario per utilizzare le opzioni e i servizi del sito web<\/span><\/p><\/td><td><p><span style=\"font-weight: 400;\">tra un anno<\/span><\/p><\/td><\/tr><\/tbody><\/table><p><b>COOKIE DI TERZE PARTI<\/b><\/p><p><span style=\"font-weight: 400;\">I servizi di terzi sono fuori dal controllo dell&#039;editore. I fornitori possono modificare in qualsiasi momento le loro condizioni di servizio, finalit\u00e0 e utilizzo dei cookie, ecc.<\/span><\/p><p><b>Fornitori esterni di questo sito web:<\/b><\/p><p><span style=\"font-weight: 400;\">Non vengono installati cookie controllati da terze parti<\/span><\/p><table><tbody><tr><td><p><b>PANNELLO DI CONFIGURAZIONE DEI COOKIE<\/b><\/p><\/td><\/tr><\/tbody><\/table><p><span style=\"font-weight: 400;\">Da questo pannello puoi configurare i cookie che il sito web pu\u00f2 installare nel tuo browser, ad eccezione dei cookie tecnici o funzionali necessari per la navigazione e l&#039;utilizzo delle diverse opzioni o servizi offerti.<\/span><\/p><p><span style=\"font-weight: 400;\">Pannello dei cookie<\/span><\/p><table><tbody><tr><td><p><b>COME GESTIRE I COOKIE DAL BROWSER<\/b><\/p><\/td><\/tr><\/tbody><\/table><p>\u00a0<\/p><table><tbody><tr><td><p><b>Elimina i cookie dal dispositivo\u00a0<\/b><\/p><\/td><td><p><span style=\"font-weight: 400;\">I cookie gi\u00e0 presenti su un dispositivo possono essere eliminati cancellando la cronologia del browser, che elimina i cookie da tutti i siti Web visitati.<\/span><span style=\"font-weight: 400;\"><br \/><\/span><span style=\"font-weight: 400;\">Tuttavia, alcune informazioni salvate (ad esempio, i dati di accesso o le preferenze del sito web) potrebbero anche andare perse.<\/span><\/p><\/td><\/tr><tr><td><p><b>Gestisci i cookie specifici del sito\u00a0<\/b><\/p><\/td><td><p><span style=\"font-weight: 400;\">Per avere un controllo pi\u00f9 preciso sui cookie specifici del sito, gli utenti possono modificare le impostazioni sulla privacy e sui cookie nel browser.<\/span><\/p><\/td><\/tr><tr><td><p><b>Blocca i cookie\u00a0<\/b><\/p><\/td><td><p><span style=\"font-weight: 400;\">Sebbene la maggior parte dei browser moderni possa essere configurata per impedire l&#039;inserimento di cookie sui dispositivi, ci\u00f2 potrebbe richiedere la regolazione manuale di determinate preferenze ogni volta che visiti un sito o una pagina. Inoltre, alcuni servizi e funzionalit\u00e0 potrebbero non funzionare correttamente (ad esempio, gli accessi al profilo).<\/span><\/p><\/td><\/tr><\/tbody><\/table><p>\u00a0<\/p><table><tbody><tr><td><p><b>COME ELIMINARE I COOKIE DAI BROWSER PI\u00d9 COMUNI<\/b><\/p><\/td><\/tr><\/tbody><\/table><p>\u00a0<\/p><table><tbody><tr><td><p><b>Cromo<\/b><\/p><\/td><td><p><a href=\"http:\/\/support.google.com\/chrome\/answer\/95647?hl=es\"><span style=\"font-weight: 400;\">http:\/\/support.google.com\/chrome\/answer\/95647?hl=es<\/span><\/a><\/p><\/td><\/tr><tr><td><p><b>bordo<\/b><\/p><\/td><td><p><a href=\"https:\/\/support.microsoft.com\/es-es\/microsoft-edge\/eliminar-las-cookies-en-microsoft-edge-63947406-40ac-c3b8-57b9-2a946a29ae09\"><span style=\"font-weight: 400;\">https:\/\/support.microsoft.com\/es-es\/microsoft-edge\/eliminar-las-cookies-en-microsoft-edge-63947406-40ac-c3b8-57b9-2a946a29ae09<\/span><\/a><\/p><\/td><\/tr><tr><td><p><b>esploratore<\/b><\/p><\/td><td><p><a href=\"https:\/\/support.microsoft.com\/es-es\/help\/278835\/how-to-delete-cookie-files-in-internet-explorer\"><span style=\"font-weight: 400;\">https:\/\/support.microsoft.com\/es-es\/help\/278835\/how-to-delete-cookie-files-in-internet-explorer<\/span><\/a><\/p><\/td><\/tr><tr><td><p><b>Firefox\u00a0<\/b><\/p><\/td><td><p><a href=\"https:\/\/www.mozilla.org\/es-ES\/privacy\/websites\/#cookies\"><span style=\"font-weight: 400;\">https:\/\/www.mozilla.org\/es-ES\/privacy\/websites\/#cookies<\/span><\/a><\/p><\/td><\/tr><tr><td><p><b>Safari<\/b><\/p><\/td><td><p><a href=\"https:\/\/support.apple.com\/es-es\/guide\/safari\/sfri11471\/mac\"><span style=\"font-weight: 400;\">https:\/\/support.apple.com\/es-es\/guide\/safari\/sfri11471\/mac<\/span><\/a><\/p><\/td><\/tr><tr><td><p><b>Opera<\/b><\/p><\/td><td><p><a href=\"https:\/\/help.opera.com\/en\/latest\/security-and-privacy\/#clearBrowsingData\"><span style=\"font-weight: 400;\">https:\/\/help.opera.com\/en\/latest\/security-and-privacy\/#clearBrowsingData<\/span><\/a><\/p><\/td><\/tr><\/tbody><\/table><p>\u00a0<\/p>\t\t\t\t\t\t\t\t<\/div>\n\t\t\t\t<\/div>\n\t\t\t\t\t<\/div>\n\t\t<\/div>\n\t\t\t\t\t<\/div>\n\t\t<\/section>\n\t\t\t\t<\/div>","protected":false},"excerpt":{"rendered":"<p>POL\u00cdTICA DE COOKIES INFORMACI\u00d3N SOBRE COOKIES\u00a0 Conforme con la Ley 34\/2002, de 11 de julio, de servicios de la sociedad de la informaci\u00f3n y de comercio electr\u00f3nico (LSSI), en relaci\u00f3n con el Reglamento (UE) 2016\/679 del Parlamento Europeo y del Consejo, de 27 de abril de 2016, General de Protecci\u00f3n de Datos (GDPR) y la [&hellip;]<\/p>\n","protected":false},"author":1,"featured_media":0,"parent":0,"menu_order":0,"comment_status":"closed","ping_status":"closed","template":"","meta":{"footnotes":"","_wp_rev_ctl_limit":""},"class_list":["post-602","page","type-page","status-publish","hentry"],"yoast_head":"<!-- This site is optimized with the Yoast SEO plugin v24.5 - https:\/\/yoast.com\/wordpress\/plugins\/seo\/ -->\n<title>Pol\u00edtica de cookies -<\/title>\n<meta name=\"robots\" content=\"noindex, nofollow\" \/>\n<meta property=\"og:locale\" content=\"it_IT\" \/>\n<meta property=\"og:type\" content=\"article\" \/>\n<meta property=\"og:title\" content=\"Pol\u00edtica de cookies -\" \/>\n<meta property=\"og:description\" content=\"POL\u00cdTICA DE COOKIES INFORMACI\u00d3N SOBRE COOKIES\u00a0 Conforme con la Ley 34\/2002, de 11 de julio, de servicios de la sociedad de la informaci\u00f3n y de comercio electr\u00f3nico (LSSI), en relaci\u00f3n con el Reglamento (UE) 2016\/679 del Parlamento Europeo y del Consejo, de 27 de abril de 2016, General de Protecci\u00f3n de Datos (GDPR) y la [&hellip;]\" \/>\n<meta property=\"og:url\" content=\"https:\/\/garleyauto.com\/it\/politica-de-cookies\/\" \/>\n<meta property=\"article:modified_time\" content=\"2024-09-25T10:27:05+00:00\" \/>\n<meta name=\"twitter:card\" content=\"summary_large_image\" \/>\n<meta name=\"twitter:label1\" content=\"Tempo di lettura stimato\" \/>\n\t<meta name=\"twitter:data1\" content=\"6 minuti\" \/>\n<script type=\"application\/ld+json\" class=\"yoast-schema-graph\">{\"@context\":\"https:\/\/schema.org\",\"@graph\":[{\"@type\":\"WebPage\",\"@id\":\"https:\/\/garleyauto.com\/politica-de-cookies\/\",\"url\":\"https:\/\/garleyauto.com\/politica-de-cookies\/\",\"name\":\"Pol\u00edtica de cookies -\",\"isPartOf\":{\"@id\":\"https:\/\/garleyauto.com\/#website\"},\"datePublished\":\"2023-08-08T14:53:23+00:00\",\"dateModified\":\"2024-09-25T10:27:05+00:00\",\"breadcrumb\":{\"@id\":\"https:\/\/garleyauto.com\/politica-de-cookies\/#breadcrumb\"},\"inLanguage\":\"it-IT\",\"potentialAction\":[{\"@type\":\"ReadAction\",\"target\":[\"https:\/\/garleyauto.com\/politica-de-cookies\/\"]}]},{\"@type\":\"BreadcrumbList\",\"@id\":\"https:\/\/garleyauto.com\/politica-de-cookies\/#breadcrumb\",\"itemListElement\":[{\"@type\":\"ListItem\",\"position\":1,\"name\":\"Portada\",\"item\":\"https:\/\/garleyauto.com\/\"},{\"@type\":\"ListItem\",\"position\":2,\"name\":\"Pol\u00edtica de cookies\"}]},{\"@type\":\"WebSite\",\"@id\":\"https:\/\/garleyauto.com\/#website\",\"url\":\"https:\/\/garleyauto.com\/\",\"name\":\"\",\"description\":\"\",\"potentialAction\":[{\"@type\":\"SearchAction\",\"target\":{\"@type\":\"EntryPoint\",\"urlTemplate\":\"https:\/\/garleyauto.com\/?s={search_term_string}\"},\"query-input\":{\"@type\":\"PropertyValueSpecification\",\"valueRequired\":true,\"valueName\":\"search_term_string\"}}],\"inLanguage\":\"it-IT\"}]}<\/script>\n<!-- \/ Yoast SEO plugin. -->","yoast_head_json":{"title":"Pol\u00edtica de cookies -","robots":{"index":"noindex","follow":"nofollow"},"og_locale":"it_IT","og_type":"article","og_title":"Pol\u00edtica de cookies -","og_description":"POL\u00cdTICA DE COOKIES INFORMACI\u00d3N SOBRE COOKIES\u00a0 Conforme con la Ley 34\/2002, de 11 de julio, de servicios de la sociedad de la informaci\u00f3n y de comercio electr\u00f3nico (LSSI), en relaci\u00f3n con el Reglamento (UE) 2016\/679 del Parlamento Europeo y del Consejo, de 27 de abril de 2016, General de Protecci\u00f3n de Datos (GDPR) y la [&hellip;]","og_url":"https:\/\/garleyauto.com\/it\/politica-de-cookies\/","article_modified_time":"2024-09-25T10:27:05+00:00","twitter_card":"summary_large_image","twitter_misc":{"Tempo di lettura stimato":"6 minuti"},"schema":{"@context":"https:\/\/schema.org","@graph":[{"@type":"WebPage","@id":"https:\/\/garleyauto.com\/politica-de-cookies\/","url":"https:\/\/garleyauto.com\/politica-de-cookies\/","name":"Pol\u00edtica de cookies -","isPartOf":{"@id":"https:\/\/garleyauto.com\/#website"},"datePublished":"2023-08-08T14:53:23+00:00","dateModified":"2024-09-25T10:27:05+00:00","breadcrumb":{"@id":"https:\/\/garleyauto.com\/politica-de-cookies\/#breadcrumb"},"inLanguage":"it-IT","potentialAction":[{"@type":"ReadAction","target":["https:\/\/garleyauto.com\/politica-de-cookies\/"]}]},{"@type":"BreadcrumbList","@id":"https:\/\/garleyauto.com\/politica-de-cookies\/#breadcrumb","itemListElement":[{"@type":"ListItem","position":1,"name":"Portada","item":"https:\/\/garleyauto.com\/"},{"@type":"ListItem","position":2,"name":"Pol\u00edtica de cookies"}]},{"@type":"WebSite","@id":"https:\/\/garleyauto.com\/#website","url":"https:\/\/garleyauto.com\/","name":"","description":"","potentialAction":[{"@type":"SearchAction","target":{"@type":"EntryPoint","urlTemplate":"https:\/\/garleyauto.com\/?s={search_term_string}"},"query-input":{"@type":"PropertyValueSpecification","valueRequired":true,"valueName":"search_term_string"}}],"inLanguage":"it-IT"}]}},"_links":{"self":[{"href":"https:\/\/garleyauto.com\/it\/wp-json\/wp\/v2\/pages\/602","targetHints":{"allow":["GET"]}}],"collection":[{"href":"https:\/\/garleyauto.com\/it\/wp-json\/wp\/v2\/pages"}],"about":[{"href":"https:\/\/garleyauto.com\/it\/wp-json\/wp\/v2\/types\/page"}],"author":[{"embeddable":true,"href":"https:\/\/garleyauto.com\/it\/wp-json\/wp\/v2\/users\/1"}],"replies":[{"embeddable":true,"href":"https:\/\/garleyauto.com\/it\/wp-json\/wp\/v2\/comments?post=602"}],"version-history":[{"count":8,"href":"https:\/\/garleyauto.com\/it\/wp-json\/wp\/v2\/pages\/602\/revisions"}],"predecessor-version":[{"id":3503,"href":"https:\/\/garleyauto.com\/it\/wp-json\/wp\/v2\/pages\/602\/revisions\/3503"}],"wp:attachment":[{"href":"https:\/\/garleyauto.com\/it\/wp-json\/wp\/v2\/media?parent=602"}],"curies":[{"name":"wp","href":"https:\/\/api.w.org\/{rel}","templated":true}]}}