{"id":605,"date":"2023-08-08T14:53:37","date_gmt":"2023-08-08T14:53:37","guid":{"rendered":"https:\/\/pruebasfit.xyz\/?page_id=605"},"modified":"2023-10-18T09:57:30","modified_gmt":"2023-10-18T09:57:30","slug":"aviso-legal","status":"publish","type":"page","link":"https:\/\/garleyauto.com\/it\/aviso-legal\/","title":{"rendered":"Avviso legale"},"content":{"rendered":"<div data-elementor-type=\"wp-page\" data-elementor-id=\"605\" class=\"elementor elementor-605\" data-elementor-post-type=\"page\">\n\t\t\t\t\t\t<section class=\"elementor-section elementor-top-section elementor-element elementor-element-ed896a5 elementor-section-boxed elementor-section-height-default elementor-section-height-default\" data-id=\"ed896a5\" data-element_type=\"section\" data-e-type=\"section\" id=\"aviso-legal\" data-settings=\"{&quot;background_background&quot;:&quot;classic&quot;}\">\n\t\t\t\t\t\t<div class=\"elementor-container elementor-column-gap-default\">\n\t\t\t\t\t<div class=\"elementor-column elementor-col-100 elementor-top-column elementor-element elementor-element-fe0a8ea\" data-id=\"fe0a8ea\" data-element_type=\"column\" data-e-type=\"column\">\n\t\t\t<div class=\"elementor-widget-wrap elementor-element-populated\">\n\t\t\t\t\t\t<div class=\"elementor-element elementor-element-2ba8687 elementor-widget elementor-widget-text-editor\" data-id=\"2ba8687\" data-element_type=\"widget\" data-e-type=\"widget\" data-widget_type=\"text-editor.default\">\n\t\t\t\t<div class=\"elementor-widget-container\">\n\t\t\t\t\t\t\t\t\t<p><b>AVVISO LEGALE<\/b><\/p><p><span style=\"font-weight: 400;\">GARLEY si riserva il diritto di modificare qualsiasi tipo di informazione che possa apparire sul sito web, senza che vi sia alcun obbligo di notificare o informare gli utenti di tali obblighi, essendo intesa come sufficiente la pubblicazione sul sito web GARLEY.<\/span><\/p><p><span style=\"font-weight: 400;\">In conformit\u00e0 con l&#039;articolo 10 della legge 34\/2002, dell&#039;11 luglio, sui servizi della societ\u00e0 dell&#039;informazione e del commercio elettronico, i dati identificativi della societ\u00e0 proprietaria del dominio www.garley.com sono riportati di seguito:<\/span><\/p><ol><li><b> Dati identificativi:<\/b><\/li><\/ol><p><span style=\"font-weight: 400;\">\u2013 Nome di dominio: www.garley.com<\/span><\/p><p><span style=\"font-weight: 400;\">\u2013 Ragione sociale: QUIMI ROMAR SLU<\/span><\/p><p><span style=\"font-weight: 400;\">\u2013 NIF: B46660502<\/span><\/p><p><span style=\"font-weight: 400;\">\u2013 Sede legale: CALLE ISAAC NEWTON, 2, 46500 DE SAGUNTO (VALENCIA)\u00a0<\/span><\/p><p><span style=\"font-weight: 400;\">\u2013 Telefono: 961390792<\/span><\/p><p><span style=\"font-weight: 400;\">\u2013 E-mail: info@garleyauto.com<\/span><\/p><p><span style=\"font-weight: 400;\">\u2013 Dati di registrazione: <\/span><span style=\"font-weight: 400;\">Registro delle imprese di Valencia. Volume 2726, Generale 44 della sezione Generale del Libro delle Imprese, Foglio 95, Foglio N. V-680, Iscrizione 1.<\/span><\/p><ol start=\"2\"><li><b> Diritti di propriet\u00e0 intellettuale e industriale:<\/b><\/li><\/ol><p><span style=\"font-weight: 400;\">Il sito web, inclusi ma non limitati alla sua programmazione, modifica, compilazione e altri elementi necessari per il suo funzionamento, i disegni, i loghi, i testi e\/o la grafica, sono di propriet\u00e0 della persona responsabile o, se applicabile, hanno una licenza o espressa autorizzazione degli autori.\u00a0<\/span><\/p><p><span style=\"font-weight: 400;\">Tutti i contenuti del sito web sono debitamente protetti dalle norme sulla propriet\u00e0 intellettuale e industriale, nonch\u00e9 registrati nei corrispondenti registri pubblici. Indipendentemente dallo scopo per cui sono destinati, la riproduzione, l&#039;uso, lo sfruttamento, la distribuzione e la commercializzazione totale o parziale richiedono in ogni caso la previa autorizzazione scritta della persona responsabile. Qualsiasi utilizzo non preventivamente autorizzato \u00e8 considerato una grave violazione dei diritti di propriet\u00e0 intellettuale o industriale dell&#039;autore. I disegni, i loghi, i testi e\/o la grafica diversi da quelli responsabili e che potrebbero apparire sul sito appartengono ai rispettivi proprietari, i quali sono essi stessi responsabili di ogni eventuale controversia che possa sorgere al riguardo.\u00a0<\/span><\/p><p><span style=\"font-weight: 400;\">Il responsabile riconosce ai titolari i corrispondenti diritti di propriet\u00e0 intellettuale e industriale, la loro semplice menzione o apparizione sul sito web non implica l&#039;esistenza di alcun diritto o responsabilit\u00e0 sugli stessi, n\u00e9 l&#039;approvazione, la sponsorizzazione o la raccomandazione da parte degli stessi.<\/span><\/p><p><span style=\"font-weight: 400;\">Per effettuare qualsiasi tipo di osservazione riguardante possibili violazioni dei diritti di propriet\u00e0 intellettuale o industriale, nonch\u00e9 di qualsiasi contenuto del sito Web, \u00e8 possibile farlo tramite e-mail info@garleyauto.com o al seguente indirizzo postale: CALLE ISAAC NEWTON, 2 , 46500 DE SAGUNTO (VALENCIA) E-mail: info@garleyauto.com.<\/span><\/p><ol start=\"3\"><li><b> Navigazione, accesso e sicurezza:<\/b><\/li><\/ol><p><span style=\"font-weight: 400;\">L&#039;accesso, la navigazione e l&#039;utilizzo di questo sito Web implicano l&#039;accettazione espressa e senza riserve di tutti i termini della presente Politica sulla privacy e sulla protezione dei dati, avente la stessa validit\u00e0 ed efficacia di qualsiasi contratto stipulato per iscritto e firmato. In questo senso, per Utente si intender\u00e0 la persona che accede, naviga, utilizza o partecipa ai servizi e alle attivit\u00e0, gratuite o costose, sviluppate sul Sito.\u00a0<\/span><\/p><p><span style=\"font-weight: 400;\">L&#039;accesso, la navigazione e l&#039;utilizzo di questo sito Web implicano l&#039;accettazione espressa e senza riserve di tutte le avvertenze legali, condizioni e termini di utilizzo contenuti nella presente Informativa sulla privacy e sulla protezione dei dati. GARLEY fa ogni sforzo per garantire che la navigazione venga effettuata nelle migliori condizioni e per evitare danni di qualsiasi tipo che possano verificarsi durante la navigazione. GARLEY non \u00e8 responsabile n\u00e9 garantisce che l&#039;accesso a questo sito Web sar\u00e0 ininterrotto o privo di errori. N\u00e9 \u00e8 responsabile o garantito che il contenuto o il software a cui \u00e8 possibile accedere tramite questo sito Web siano privi di errori o causino danni. In nessun caso GARLEY sar\u00e0 responsabile per perdite, danni o perdite di qualsiasi tipo derivanti dall&#039;accesso e dall&#039;uso del sito Web, inclusi, ma non limitati a, quelli causati ai sistemi informatici o quelli causati dall&#039;introduzione di virus, n\u00e9 lo \u00e8 responsabile per eventuali danni che dovessero derivare agli utenti a causa dell\u2019uso improprio del presente Sito. I servizi offerti su questo Sito possono essere utilizzati correttamente solo se vengono rispettate le specifiche tecniche per le quali \u00e8 stato progettato.<\/span><\/p><p><span style=\"font-weight: 400;\">L&#039;accesso a questo sito Web ai minori di 14 anni \u00e8 vietato, a meno che non abbiano la previa ed espressa autorizzazione dei genitori, tutori o rappresentanti legali, che saranno considerati responsabili degli atti compiuti dai minori nella sua posizione, in conformit\u00e0 con normative attuali. In ogni caso, si presumer\u00e0 che l&#039;accesso da parte di un minore al Sito sia avvenuto previa ed espressa autorizzazione dei suoi genitori, tutori o rappresentanti legali.<\/span><\/p><ol start=\"4\"><li><b> Esenzione di responsabilit\u00e0 del responsabile:<\/b><\/li><\/ol><p><span style=\"font-weight: 400;\">\u00c8 esente da qualsiasi tipo di responsabilit\u00e0 derivante dalle informazioni pubblicate sul suo sito web ogni volta che tali informazioni siano state manipolate o introdotte da terzi estranei ad esso. Politica sui collegamenti dal sito Web, \u00e8 possibile che verrai reindirizzato a contenuti di siti Web di terzi. Poich\u00e9 il responsabile non pu\u00f2 sempre controllare i contenuti introdotti da terzi sui rispettivi siti web, non si assume alcun tipo di responsabilit\u00e0 rispetto a tali contenuti. In ogni caso, proceder\u00e0 al ritiro immediato di qualsiasi contenuto che possa contravvenire alla legislazione nazionale o internazionale, alla moralit\u00e0 o all&#039;ordine pubblico, procedendo al ritiro immediato del reindirizzamento a detto sito web, portando il contenuto all&#039;attenzione delle autorit\u00e0 competenti. in questione. Il responsabile non \u00e8 responsabile delle informazioni e dei contenuti archiviati, a titolo esemplificativo ma non esaustivo, in forum, chat, generatori di blog, commenti, social network o qualsiasi altro mezzo che consenta a terzi di pubblicare contenuti in modo indipendente sulla pagina sito web della persona responsabile. Tuttavia, e in conformit\u00e0 con le disposizioni degli articoli 11 e 16 della LSSICE, \u00e8 messo a disposizione di tutti gli utenti, autorit\u00e0 e forze di sicurezza, collaborando attivamente al ritiro o, se del caso, al blocco di tutti quei contenuti che potrebbero influenzare o contravvenire legislazione nazionale o internazionale, diritti di terzi o moralit\u00e0 e ordine pubblico.\u00a0<\/span><\/p><p><span style=\"font-weight: 400;\">Se l&#039;utente ritiene che sul sito web siano presenti contenuti che potrebbero essere suscettibili di questa classificazione, \u00e8 pregato di avvisare immediatamente l&#039;amministratore del sito web. Questo sito web \u00e8 stato rivisto e testato per funzionare correttamente. In linea di principio \u00e8 possibile garantire il corretto funzionamento 365 giorni all&#039;anno, 24 ore su 24. Tuttavia, il responsabile non esclude la possibilit\u00e0 che si verifichino determinati errori di programmazione o che si verifichino cause di forza maggiore, catastrofi naturali, scioperi o circostanze simili che rendano impossibile l&#039;accesso al sito web.<\/span><\/p><ol start=\"5\"><li><b> Condizioni aggiuntive:<\/b><\/li><\/ol><p><span style=\"font-weight: 400;\">L&#039;utente che inserisce i dati \u00e8 l&#039;unico ed ultimo responsabile della veridicit\u00e0 delle informazioni fornite nel servizio e di eventuali modifiche che dovessero essere apportate fino alla fine del servizio.<\/span><\/p><ol start=\"6\"><li><b> Aggiornamento e modifica delle informazioni:<\/b><\/li><\/ol><p><span style=\"font-weight: 400;\">Le informazioni visualizzate su questo sito Web sono aggiornate alla data del suo ultimo aggiornamento. GARLEY si riserva il diritto di aggiornare, modificare o cancellare le informazioni presenti su questo sito web e pu\u00f2 limitarne o impedirne l&#039;accesso. Questo sito web non pu\u00f2 essere alterato, cambiato, modificato o adattato. Tuttavia, GARLEY si riserva il diritto di apportare, in qualsiasi momento, tutti i cambiamenti e le modifiche che ritenga opportune e potr\u00e0 avvalersi di tale potere in qualsiasi momento e senza preavviso.<\/span><\/p><ol start=\"7\"><li><b> Legge applicabile e giurisdizione:<\/b><\/li><\/ol><p><span style=\"font-weight: 400;\">Le presenti Condizioni saranno regolate e interpretate in conformit\u00e0 con il diritto comune spagnolo. Per qualsiasi questione che possa sorgere in merito all&#039;interpretazione, conformit\u00e0, risoluzione o risoluzione delle Condizioni Generali, le Parti si sottopongono alla giurisdizione e alla competenza delle Corti e dei Tribunali della sede legale del Responsabile del sito web. Tuttavia, in conformit\u00e0 con la legislazione spagnola, per qualsiasi questione che possa sorgere in relazione alle presenti Condizioni Generali, saranno competenti le corti e i tribunali del domicilio applicabile, ai sensi dell&#039;articolo 52 della Legge di Procedura Civile o norma sostitutiva. applicabile in ogni momento.\u00a0<\/span><\/p><p><span style=\"font-weight: 400;\">Avviso legale scritto e fornito da PROTECTION REPORT SOLUTIONS, SL, <\/span><a href=\"http:\/\/www.protectionreport.com\"><i><span style=\"font-weight: 400;\">Azienda GDPR<\/span><\/i><\/a><span style=\"font-weight: 400;\"> che si riserva le opportune azioni legali contro chiunque copi e utilizzi illegittimamente i contenuti.<\/span><\/p>\t\t\t\t\t\t\t\t<\/div>\n\t\t\t\t<\/div>\n\t\t\t\t\t<\/div>\n\t\t<\/div>\n\t\t\t\t\t<\/div>\n\t\t<\/section>\n\t\t\t\t<\/div>","protected":false},"excerpt":{"rendered":"<p>AVISO LEGAL GARLEY se reserva el derecho de modificar cualquier tipo de informaci\u00f3n que pudiera aparecer en el sitio web, sin que exista obligaci\u00f3n de preavisar o poner en conocimiento de los usuarios dichas obligaciones, entendi\u00e9ndose como suficiente con la publicaci\u00f3n en el sitio web de GARLEY En cumplimiento del art\u00edculo 10 de la Ley [&hellip;]<\/p>\n","protected":false},"author":1,"featured_media":0,"parent":0,"menu_order":0,"comment_status":"closed","ping_status":"closed","template":"","meta":{"footnotes":"","_wp_rev_ctl_limit":""},"class_list":["post-605","page","type-page","status-publish","hentry"],"yoast_head":"<!-- This site is optimized with the Yoast SEO plugin v24.5 - https:\/\/yoast.com\/wordpress\/plugins\/seo\/ -->\n<title>Aviso legal -<\/title>\n<meta name=\"robots\" content=\"noindex, nofollow\" \/>\n<meta property=\"og:locale\" content=\"it_IT\" \/>\n<meta property=\"og:type\" content=\"article\" \/>\n<meta property=\"og:title\" content=\"Aviso legal -\" \/>\n<meta property=\"og:description\" content=\"AVISO LEGAL GARLEY se reserva el derecho de modificar cualquier tipo de informaci\u00f3n que pudiera aparecer en el sitio web, sin que exista obligaci\u00f3n de preavisar o poner en conocimiento de los usuarios dichas obligaciones, entendi\u00e9ndose como suficiente con la publicaci\u00f3n en el sitio web de GARLEY En cumplimiento del art\u00edculo 10 de la Ley [&hellip;]\" \/>\n<meta property=\"og:url\" content=\"https:\/\/garleyauto.com\/it\/aviso-legal\/\" \/>\n<meta property=\"article:modified_time\" content=\"2023-10-18T09:57:30+00:00\" \/>\n<meta name=\"twitter:card\" content=\"summary_large_image\" \/>\n<meta name=\"twitter:label1\" content=\"Tempo di lettura stimato\" \/>\n\t<meta name=\"twitter:data1\" content=\"7 minuti\" \/>\n<script type=\"application\/ld+json\" class=\"yoast-schema-graph\">{\"@context\":\"https:\/\/schema.org\",\"@graph\":[{\"@type\":\"WebPage\",\"@id\":\"https:\/\/garleyauto.com\/aviso-legal\/\",\"url\":\"https:\/\/garleyauto.com\/aviso-legal\/\",\"name\":\"Aviso legal -\",\"isPartOf\":{\"@id\":\"https:\/\/garleyauto.com\/#website\"},\"datePublished\":\"2023-08-08T14:53:37+00:00\",\"dateModified\":\"2023-10-18T09:57:30+00:00\",\"breadcrumb\":{\"@id\":\"https:\/\/garleyauto.com\/aviso-legal\/#breadcrumb\"},\"inLanguage\":\"it-IT\",\"potentialAction\":[{\"@type\":\"ReadAction\",\"target\":[\"https:\/\/garleyauto.com\/aviso-legal\/\"]}]},{\"@type\":\"BreadcrumbList\",\"@id\":\"https:\/\/garleyauto.com\/aviso-legal\/#breadcrumb\",\"itemListElement\":[{\"@type\":\"ListItem\",\"position\":1,\"name\":\"Portada\",\"item\":\"https:\/\/garleyauto.com\/\"},{\"@type\":\"ListItem\",\"position\":2,\"name\":\"Aviso legal\"}]},{\"@type\":\"WebSite\",\"@id\":\"https:\/\/garleyauto.com\/#website\",\"url\":\"https:\/\/garleyauto.com\/\",\"name\":\"\",\"description\":\"\",\"potentialAction\":[{\"@type\":\"SearchAction\",\"target\":{\"@type\":\"EntryPoint\",\"urlTemplate\":\"https:\/\/garleyauto.com\/?s={search_term_string}\"},\"query-input\":{\"@type\":\"PropertyValueSpecification\",\"valueRequired\":true,\"valueName\":\"search_term_string\"}}],\"inLanguage\":\"it-IT\"}]}<\/script>\n<!-- \/ Yoast SEO plugin. -->","yoast_head_json":{"title":"Aviso legal -","robots":{"index":"noindex","follow":"nofollow"},"og_locale":"it_IT","og_type":"article","og_title":"Aviso legal -","og_description":"AVISO LEGAL GARLEY se reserva el derecho de modificar cualquier tipo de informaci\u00f3n que pudiera aparecer en el sitio web, sin que exista obligaci\u00f3n de preavisar o poner en conocimiento de los usuarios dichas obligaciones, entendi\u00e9ndose como suficiente con la publicaci\u00f3n en el sitio web de GARLEY En cumplimiento del art\u00edculo 10 de la Ley [&hellip;]","og_url":"https:\/\/garleyauto.com\/it\/aviso-legal\/","article_modified_time":"2023-10-18T09:57:30+00:00","twitter_card":"summary_large_image","twitter_misc":{"Tempo di lettura stimato":"7 minuti"},"schema":{"@context":"https:\/\/schema.org","@graph":[{"@type":"WebPage","@id":"https:\/\/garleyauto.com\/aviso-legal\/","url":"https:\/\/garleyauto.com\/aviso-legal\/","name":"Aviso legal -","isPartOf":{"@id":"https:\/\/garleyauto.com\/#website"},"datePublished":"2023-08-08T14:53:37+00:00","dateModified":"2023-10-18T09:57:30+00:00","breadcrumb":{"@id":"https:\/\/garleyauto.com\/aviso-legal\/#breadcrumb"},"inLanguage":"it-IT","potentialAction":[{"@type":"ReadAction","target":["https:\/\/garleyauto.com\/aviso-legal\/"]}]},{"@type":"BreadcrumbList","@id":"https:\/\/garleyauto.com\/aviso-legal\/#breadcrumb","itemListElement":[{"@type":"ListItem","position":1,"name":"Portada","item":"https:\/\/garleyauto.com\/"},{"@type":"ListItem","position":2,"name":"Aviso legal"}]},{"@type":"WebSite","@id":"https:\/\/garleyauto.com\/#website","url":"https:\/\/garleyauto.com\/","name":"","description":"","potentialAction":[{"@type":"SearchAction","target":{"@type":"EntryPoint","urlTemplate":"https:\/\/garleyauto.com\/?s={search_term_string}"},"query-input":{"@type":"PropertyValueSpecification","valueRequired":true,"valueName":"search_term_string"}}],"inLanguage":"it-IT"}]}},"_links":{"self":[{"href":"https:\/\/garleyauto.com\/it\/wp-json\/wp\/v2\/pages\/605","targetHints":{"allow":["GET"]}}],"collection":[{"href":"https:\/\/garleyauto.com\/it\/wp-json\/wp\/v2\/pages"}],"about":[{"href":"https:\/\/garleyauto.com\/it\/wp-json\/wp\/v2\/types\/page"}],"author":[{"embeddable":true,"href":"https:\/\/garleyauto.com\/it\/wp-json\/wp\/v2\/users\/1"}],"replies":[{"embeddable":true,"href":"https:\/\/garleyauto.com\/it\/wp-json\/wp\/v2\/comments?post=605"}],"version-history":[{"count":5,"href":"https:\/\/garleyauto.com\/it\/wp-json\/wp\/v2\/pages\/605\/revisions"}],"predecessor-version":[{"id":3134,"href":"https:\/\/garleyauto.com\/it\/wp-json\/wp\/v2\/pages\/605\/revisions\/3134"}],"wp:attachment":[{"href":"https:\/\/garleyauto.com\/it\/wp-json\/wp\/v2\/media?parent=605"}],"curies":[{"name":"wp","href":"https:\/\/api.w.org\/{rel}","templated":true}]}}