{"id":602,"date":"2023-08-08T14:53:23","date_gmt":"2023-08-08T14:53:23","guid":{"rendered":"https:\/\/pruebasfit.xyz\/?page_id=602"},"modified":"2024-09-25T10:27:05","modified_gmt":"2024-09-25T10:27:05","slug":"politica-de-cookies","status":"publish","type":"page","link":"https:\/\/garleyauto.com\/pt\/politica-de-cookies\/","title":{"rendered":"Pol\u00edtica de cookies"},"content":{"rendered":"<div data-elementor-type=\"wp-page\" data-elementor-id=\"602\" class=\"elementor elementor-602\" data-elementor-post-type=\"page\">\n\t\t\t\t\t\t<section class=\"elementor-section elementor-top-section elementor-element elementor-element-cd7357b elementor-section-boxed elementor-section-height-default elementor-section-height-default\" data-id=\"cd7357b\" data-element_type=\"section\" data-e-type=\"section\" id=\"politica-cookies\" data-settings=\"{&quot;background_background&quot;:&quot;classic&quot;}\">\n\t\t\t\t\t\t<div class=\"elementor-container elementor-column-gap-default\">\n\t\t\t\t\t<div class=\"elementor-column elementor-col-100 elementor-top-column elementor-element elementor-element-ad1d561\" data-id=\"ad1d561\" data-element_type=\"column\" data-e-type=\"column\">\n\t\t\t<div class=\"elementor-widget-wrap elementor-element-populated\">\n\t\t\t\t\t\t<div class=\"elementor-element elementor-element-94c066d elementor-widget elementor-widget-text-editor\" data-id=\"94c066d\" data-element_type=\"widget\" data-e-type=\"widget\" data-widget_type=\"text-editor.default\">\n\t\t\t\t<div class=\"elementor-widget-container\">\n\t\t\t\t\t\t\t\t\t<p><b>POL\u00cdTICA DE COOKIES<\/b><\/p><p><b>INFORMA\u00c7\u00d5ES SOBRE COOKIES<\/b><span style=\"font-weight: 400;\">\u00a0<\/span><\/p><p><span style=\"font-weight: 400;\">De acordo com a Lei 34\/2002, de 11 de julho, sobre servi\u00e7os da sociedade da informa\u00e7\u00e3o e com\u00e9rcio eletr\u00f3nico (LSSI), em rela\u00e7\u00e3o ao Regulamento (UE) 2016\/679 do Parlamento Europeu e do Conselho, de 27 de abril de 2016, Prote\u00e7\u00e3o Geral de Dados (GDPR) e Lei Org\u00e2nica 3\/2018, de 5 de dezembro, de Prote\u00e7\u00e3o de Dados e Garantia de Direitos Digitais (LOPDGDD), \u00e9 obrigat\u00f3rio obter o consentimento expresso do usu\u00e1rio de todas as p\u00e1ginas web que utilizam cookies dispens\u00e1veis, antes de navegar eles.\u00a0<\/span><\/p><p><b>O QUE S\u00c3O BOLINHOS?<\/b><span style=\"font-weight: 400;\">\u00a0<\/span><\/p><p><span style=\"font-weight: 400;\">O <\/span><i><span style=\"font-weight: 400;\">biscoitos <\/span><\/i><span style=\"font-weight: 400;\">e outras tecnologias semelhantes, como objetos locais compartilhados, flash <\/span><i><span style=\"font-weight: 400;\">biscoitos <\/span><\/i><span style=\"font-weight: 400;\">ou pixels, s\u00e3o ferramentas utilizadas pelos servidores Web para armazenar e recuperar informa\u00e7\u00f5es sobre seus visitantes, bem como para proporcionar o correto funcionamento do site.<\/span><\/p><p><span style=\"font-weight: 400;\">Atrav\u00e9s da utiliza\u00e7\u00e3o destes dispositivos, o servidor Web pode recordar alguns dados relativos ao utilizador, como as suas prefer\u00eancias de visualiza\u00e7\u00e3o das p\u00e1ginas desse servidor, nome e palavra-passe, produtos que mais lhe interessam, etc.<\/span><\/p><p><b><i>BISCOITOS <\/i><\/b><b>AFETADO PELOS REGULAMENTOS E EXCETO COOKIES<\/b><\/p><p><span style=\"font-weight: 400;\">De acordo com a directiva da UE, o <\/span><i><span style=\"font-weight: 400;\">biscoitos <\/span><\/i><span style=\"font-weight: 400;\">que requerem consentimento informado do usu\u00e1rio s\u00e3o os <\/span><i><span style=\"font-weight: 400;\">biscoitos <\/span><\/i><span style=\"font-weight: 400;\">an\u00e1lises e publicidade e afilia\u00e7\u00e3o, com exce\u00e7\u00e3o das de natureza t\u00e9cnica e das necess\u00e1rias ao funcionamento do site ou \u00e0 presta\u00e7\u00e3o de servi\u00e7os expressamente solicitados pelo usu\u00e1rio.<\/span><\/p><p><b>TIPOS DE BOLINHOS<\/b><span style=\"font-weight: 400;\">\u00a0<\/span><\/p><p><b>DE ACORDO COM O OBJETIVO<\/b><\/p><ul><li style=\"font-weight: 400;\" aria-level=\"1\"><b><i>Biscoitos <\/i><\/b><b>t\u00e9cnico e funcional<\/b><span style=\"font-weight: 400;\">: s\u00e3o aqueles que permitem ao usu\u00e1rio navegar por uma p\u00e1gina web, plataforma ou aplica\u00e7\u00e3o e utilizar as diferentes op\u00e7\u00f5es ou servi\u00e7os nela existentes<\/span><i><span style=\"font-weight: 400;\">.<\/span><\/i><span style=\"font-weight: 400;\">\u00a0<\/span><\/li><li style=\"font-weight: 400;\" aria-level=\"1\"><b><i>Biscoitos <\/i><\/b><b>an\u00e1lise<\/b><span style=\"font-weight: 400;\">: s\u00e3o aqueles que permitem ao respons\u00e1vel pelos mesmos monitorizar e analisar o comportamento dos utilizadores dos sites aos quais est\u00e3o vinculados. A informa\u00e7\u00e3o recolhida atrav\u00e9s deste tipo de <\/span><i><span style=\"font-weight: 400;\">biscoitos<\/span><\/i><span style=\"font-weight: 400;\"> \u00c9 utilizado para medir a atividade de sites, aplica\u00e7\u00f5es ou plataformas e para criar perfis de navega\u00e7\u00e3o dos utilizadores desses sites, aplica\u00e7\u00f5es e plataformas, a fim de introduzir melhorias com base na an\u00e1lise dos dados de utiliza\u00e7\u00e3o do servi\u00e7o.<\/span><\/li><li style=\"font-weight: 400;\" aria-level=\"1\"><b><i>Biscoitos<\/i><\/b> <b>an\u00fancio:<\/b><span style=\"font-weight: 400;\"> s\u00e3o aqueles que permitem a gest\u00e3o, da forma mais eficiente poss\u00edvel, dos espa\u00e7os publicit\u00e1rios que, se for o caso, o editor incluiu numa p\u00e1gina web, aplica\u00e7\u00e3o ou plataforma a partir da qual \u00e9 prestado o servi\u00e7o solicitado com base em crit\u00e9rios como o conte\u00fado editado ou a frequ\u00eancia com que os an\u00fancios s\u00e3o exibidos.\u00a0<\/span><\/li><li style=\"font-weight: 400;\" aria-level=\"1\"><b><i>Biscoitos <\/i><\/b><b>publicidade comportamental<\/b><span style=\"font-weight: 400;\">: coletar informa\u00e7\u00f5es sobre as prefer\u00eancias e escolhas pessoais do usu\u00e1rio (<\/span><i><span style=\"font-weight: 400;\">redirecionamento<\/span><\/i><span style=\"font-weight: 400;\">) para permitir a gest\u00e3o, da forma mais eficiente poss\u00edvel, dos espa\u00e7os publicit\u00e1rios que, se for caso disso, o editor tenha inclu\u00eddo numa p\u00e1gina web, aplica\u00e7\u00e3o ou plataforma a partir da qual \u00e9 prestado o servi\u00e7o solicitado.<\/span><\/li><li style=\"font-weight: 400;\" aria-level=\"1\"><b><i>Biscoitos <\/i><\/b><b>social<\/b><span style=\"font-weight: 400;\">- s\u00e3o definidos pelas plataformas de redes sociais nos servi\u00e7os para permitir que voc\u00ea compartilhe conte\u00fado com seus amigos e redes. As plataformas de m\u00eddia social t\u00eam a capacidade de rastrear sua atividade online fora dos Servi\u00e7os. Isso pode afetar o conte\u00fado e as mensagens que voc\u00ea v\u00ea em outros servi\u00e7os que visita.<\/span><\/li><li style=\"font-weight: 400;\" aria-level=\"1\"><b><i>Biscoitos <\/i><\/b><b>de afiliados<\/b><span style=\"font-weight: 400;\">: permitem rastrear visitas de outros sites, com os quais o site estabelece contrato de afilia\u00e7\u00e3o (empresas afiliadas).<\/span><\/li><li style=\"font-weight: 400;\" aria-level=\"1\"><b><i>Biscoitos <\/i><\/b><b>seguran\u00e7a<\/b><span style=\"font-weight: 400;\">: Eles armazenam informa\u00e7\u00f5es criptografadas para evitar que os dados neles armazenados fiquem vulner\u00e1veis a ataques maliciosos de terceiros.<\/span><\/li><\/ul><p><span style=\"font-weight: 400;\"><br \/><br \/><\/span><\/p><p>\u00a0<\/p><p><b>DE ACORDO COM O IM\u00d3VEL<\/b><\/p><ul><li style=\"font-weight: 400;\" aria-level=\"1\"><b><i>Biscoitos<\/i><\/b><b> ter<\/b><span style=\"font-weight: 400;\">: s\u00e3o aqueles que s\u00e3o enviados ao equipamento terminal do usu\u00e1rio a partir de um computador ou dom\u00ednio gerenciado pelo pr\u00f3prio editor e a partir do qual \u00e9 prestado o servi\u00e7o solicitado pelo usu\u00e1rio.\u00a0<\/span><\/li><li style=\"font-weight: 400;\" aria-level=\"1\"><b><i>Biscoitos<\/i><\/b> <b>de terceiros:<\/b><span style=\"font-weight: 400;\"> s\u00e3o aqueles que s\u00e3o enviados ao equipamento terminal do usu\u00e1rio a partir de um computador ou dom\u00ednio que n\u00e3o \u00e9 gerenciado pelo editor, mas por outra entidade que processa os dados obtidos atrav\u00e9s dos cookies.<\/span><\/li><\/ul><p><span style=\"font-weight: 400;\"><br \/><\/span><b>DE ACORDO COM O PER\u00cdODO DE CONSERVA\u00c7\u00c3O<\/b><\/p><ul><li style=\"font-weight: 400;\" aria-level=\"1\"><b><i>Biscoitos<\/i><\/b><b> sess\u00e3o:<\/b><span style=\"font-weight: 400;\"> Eles s\u00e3o um tipo de <\/span><i><span style=\"font-weight: 400;\">biscoitos<\/span><\/i><span style=\"font-weight: 400;\"> projetado para coletar e armazenar dados enquanto o usu\u00e1rio acessa uma p\u00e1gina da web.\u00a0<\/span><\/li><li style=\"font-weight: 400;\" aria-level=\"1\"><b><i>Biscoitos<\/i><\/b><b> persistente:<\/b><span style=\"font-weight: 400;\"> S\u00e3o um tipo de cookies em que os dados continuam armazenados no terminal e podem ser acessados e processados durante um per\u00edodo definido pelo respons\u00e1vel pelo <\/span><i><span style=\"font-weight: 400;\">biscoito<\/span><\/i><span style=\"font-weight: 400;\">, e que pode variar de alguns minutos a v\u00e1rios anos.<\/span><\/li><\/ul><p><b>TRATAMENTO DE DADOS PESSOAIS<\/b><\/p><p><span style=\"font-weight: 400;\">QUIMI ROMAR SLU \u00e9 a <\/span><b>Respons\u00e1vel pelo tratamento<\/b><span style=\"font-weight: 400;\"> dos dados pessoais do <\/span><b>Interessado <\/b><span style=\"font-weight: 400;\">e informa que estes dados ser\u00e3o tratados de acordo com o disposto no Regulamento (UE) 2016\/679, de 27 de abril de 2016 (RGPD), para o qual s\u00e3o fornecidas as seguintes informa\u00e7\u00f5es de tratamento:<\/span><\/p><p><b>Finalidades do tratamento: <\/b><span style=\"font-weight: 400;\">conforme especificado na se\u00e7\u00e3o <\/span><i><span style=\"font-weight: 400;\">biscoitos <\/span><\/i><span style=\"font-weight: 400;\">que s\u00e3o usados neste site.<\/span><\/p><p><b>Legitima\u00e7\u00e3o do tratamento<\/b><span style=\"font-weight: 400;\">: exceto nos casos em que seja necess\u00e1ria a navega\u00e7\u00e3o no site, mediante consentimento do interessado (art. 6.1.a RGPD).<\/span><\/p><p><b>Crit\u00e9rios de reten\u00e7\u00e3o de dados<\/b><span style=\"font-weight: 400;\">: conforme especificado na se\u00e7\u00e3o <\/span><i><span style=\"font-weight: 400;\">biscoitos <\/span><\/i><span style=\"font-weight: 400;\">usado na web.<\/span><\/p><p><b>Comunica\u00e7\u00e3o de dados<\/b><span style=\"font-weight: 400;\">: os dados n\u00e3o ser\u00e3o comunicados a terceiros, exceto em cookies de propriedade de terceiros ou por obriga\u00e7\u00e3o legal.<\/span><\/p><p><b>Direitos que auxiliam o Interessado<\/b><span style=\"font-weight: 400;\">:<\/span><\/p><p><span style=\"font-weight: 400;\">\u2013 Direito de retirar o consentimento a qualquer momento.<\/span><span style=\"font-weight: 400;\"><br \/><\/span><span style=\"font-weight: 400;\">\u2013 Direito de acesso, retifica\u00e7\u00e3o, portabilidade e elimina\u00e7\u00e3o dos seus dados, e limita\u00e7\u00e3o ou oposi\u00e7\u00e3o ao seu tratamento.<\/span><span style=\"font-weight: 400;\"><br \/><\/span><span style=\"font-weight: 400;\">\u2013 Direito de apresentar uma reclama\u00e7\u00e3o junto da Autoridade de Controlo (www.aepd.es) se considerar que o tratamento n\u00e3o est\u00e1 em conformidade com a regulamenta\u00e7\u00e3o em vigor.<\/span><\/p><p><b>Dados de contacto para exercer os seus direitos:<\/b><\/p><p><span style=\"font-weight: 400;\">QUIMI ROMAR SLU.<\/span> <span style=\"font-weight: 400;\">CRTA. MONCADA A NAQUERA CV 315, KM 11.2, \u2013 46119 NAQUERA (Val\u00eancia). E-mail: info@quimiromar.com<\/span><\/p><p><span style=\"font-weight: 400;\">\u00a0<\/span><\/p><p><span style=\"font-weight: 400;\">\u00a0<\/span><\/p><p><b>COOKIES UTILIZADOS NESTE SITE<\/b><\/p><p><b>COOKIES CONTROLADOS PELO EDITOR<\/b><\/p><p><b>T\u00e9cnico e funcional<\/b><\/p><table><tbody><tr><td><p><b>Propriedade<\/b><\/p><\/td><td><p><b>Biscoito<\/b><\/p><\/td><td><p><b>Prop\u00f3sito<\/b><\/p><\/td><td><p><b>Prazo<\/b><\/p><\/td><\/tr><tr><td><p><span style=\"font-weight: 400;\">garleyauto.com<\/span><\/p><\/td><td><p><b>cookieyes-consentimento<\/b><\/p><\/td><td><p><span style=\"font-weight: 400;\">Cookie necess\u00e1ria para utilizar as op\u00e7\u00f5es e servi\u00e7os do site<\/span><\/p><\/td><td><p><span style=\"font-weight: 400;\">em um ano<\/span><\/p><\/td><\/tr><\/tbody><\/table><p><b>COOKIES DE TERCEIROS<\/b><\/p><p><span style=\"font-weight: 400;\">Os servi\u00e7os de terceiros est\u00e3o fora do controle do editor. Os fornecedores podem modificar as suas condi\u00e7\u00f5es de servi\u00e7o, finalidade e utiliza\u00e7\u00e3o de cookies, etc.<\/span><\/p><p><b>Fornecedores externos deste site:<\/b><\/p><p><span style=\"font-weight: 400;\">Cookies controlados por terceiros n\u00e3o s\u00e3o instalados<\/span><\/p><table><tbody><tr><td><p><b>PAINEL DE CONFIGURA\u00c7\u00c3O DE COOKIES<\/b><\/p><\/td><\/tr><\/tbody><\/table><p><span style=\"font-weight: 400;\">A partir deste painel poder\u00e1 configurar os cookies que o site pode instalar no seu navegador, exceto os cookies t\u00e9cnicos ou funcionais que sejam necess\u00e1rios \u00e0 navega\u00e7\u00e3o e \u00e0 utiliza\u00e7\u00e3o das diferentes op\u00e7\u00f5es ou servi\u00e7os oferecidos.<\/span><\/p><p><span style=\"font-weight: 400;\">Painel de cookies<\/span><\/p><table><tbody><tr><td><p><b>COMO GERENCIAR COOKIES DO NAVEGADOR<\/b><\/p><\/td><\/tr><\/tbody><\/table><p>\u00a0<\/p><table><tbody><tr><td><p><b>Exclua cookies do dispositivo\u00a0<\/b><\/p><\/td><td><p><span style=\"font-weight: 400;\">Os cookies j\u00e1 existentes num dispositivo podem ser eliminados limpando o hist\u00f3rico do navegador, o que elimina os cookies de todos os websites visitados.<\/span><span style=\"font-weight: 400;\"><br \/><\/span><span style=\"font-weight: 400;\">No entanto, algumas informa\u00e7\u00f5es guardadas (por exemplo, dados de login ou prefer\u00eancias do website) tamb\u00e9m podem ser perdidas.<\/span><\/p><\/td><\/tr><tr><td><p><b>Gerenciar cookies espec\u00edficos do site\u00a0<\/b><\/p><\/td><td><p><span style=\"font-weight: 400;\">Para ter um controle mais preciso sobre os cookies espec\u00edficos do site, os usu\u00e1rios podem ajustar suas configura\u00e7\u00f5es de privacidade e cookies no navegador.<\/span><\/p><\/td><\/tr><tr><td><p><b>Bloquear cookies\u00a0<\/b><\/p><\/td><td><p><span style=\"font-weight: 400;\">Embora a maioria dos navegadores modernos possam ser configurados para impedir a coloca\u00e7\u00e3o de cookies nos dispositivos, isso pode exigir que voc\u00ea ajuste manualmente certas prefer\u00eancias sempre que visitar um site ou p\u00e1gina. Al\u00e9m disso, alguns servi\u00e7os e recursos podem n\u00e3o funcionar corretamente (por exemplo, logins de perfil).<\/span><\/p><\/td><\/tr><\/tbody><\/table><p>\u00a0<\/p><table><tbody><tr><td><p><b>COMO EXCLUIR COOKIES DOS NAVEGADORES MAIS COMUNS<\/b><\/p><\/td><\/tr><\/tbody><\/table><p>\u00a0<\/p><table><tbody><tr><td><p><b>Cromo<\/b><\/p><\/td><td><p><a href=\"http:\/\/support.google.com\/chrome\/answer\/95647?hl=es\"><span style=\"font-weight: 400;\">http:\/\/support.google.com\/chrome\/answer\/95647?hl=es<\/span><\/a><\/p><\/td><\/tr><tr><td><p><b>borda<\/b><\/p><\/td><td><p><a href=\"https:\/\/support.microsoft.com\/es-es\/microsoft-edge\/eliminar-las-cookies-en-microsoft-edge-63947406-40ac-c3b8-57b9-2a946a29ae09\"><span style=\"font-weight: 400;\">https:\/\/support.microsoft.com\/es-es\/microsoft-edge\/eliminar-las-cookies-en-microsoft-edge-63947406-40ac-c3b8-57b9-2a946a29ae09<\/span><\/a><\/p><\/td><\/tr><tr><td><p><b>explorador<\/b><\/p><\/td><td><p><a href=\"https:\/\/support.microsoft.com\/es-es\/help\/278835\/how-to-delete-cookie-files-in-internet-explorer\"><span style=\"font-weight: 400;\">https:\/\/support.microsoft.com\/es-es\/help\/278835\/how-to-delete-cookie-files-in-internet-explorer<\/span><\/a><\/p><\/td><\/tr><tr><td><p><b>Raposa de fogo\u00a0<\/b><\/p><\/td><td><p><a href=\"https:\/\/www.mozilla.org\/es-ES\/privacy\/websites\/#cookies\"><span style=\"font-weight: 400;\">https:\/\/www.mozilla.org\/es-ES\/privacy\/websites\/#cookies<\/span><\/a><\/p><\/td><\/tr><tr><td><p><b>Saf\u00e1ri<\/b><\/p><\/td><td><p><a href=\"https:\/\/support.apple.com\/es-es\/guide\/safari\/sfri11471\/mac\"><span style=\"font-weight: 400;\">https:\/\/support.apple.com\/es-es\/guide\/safari\/sfri11471\/mac<\/span><\/a><\/p><\/td><\/tr><tr><td><p><b>\u00d3pera<\/b><\/p><\/td><td><p><a href=\"https:\/\/help.opera.com\/en\/latest\/security-and-privacy\/#clearBrowsingData\"><span style=\"font-weight: 400;\">https:\/\/help.opera.com\/en\/latest\/security-and-privacy\/#clearBrowsingData<\/span><\/a><\/p><\/td><\/tr><\/tbody><\/table><p>\u00a0<\/p>\t\t\t\t\t\t\t\t<\/div>\n\t\t\t\t<\/div>\n\t\t\t\t\t<\/div>\n\t\t<\/div>\n\t\t\t\t\t<\/div>\n\t\t<\/section>\n\t\t\t\t<\/div>","protected":false},"excerpt":{"rendered":"<p>POL\u00cdTICA DE COOKIES INFORMACI\u00d3N SOBRE COOKIES\u00a0 Conforme con la Ley 34\/2002, de 11 de julio, de servicios de la sociedad de la informaci\u00f3n y de comercio electr\u00f3nico (LSSI), en relaci\u00f3n con el Reglamento (UE) 2016\/679 del Parlamento Europeo y del Consejo, de 27 de abril de 2016, General de Protecci\u00f3n de Datos (GDPR) y la [&hellip;]<\/p>\n","protected":false},"author":1,"featured_media":0,"parent":0,"menu_order":0,"comment_status":"closed","ping_status":"closed","template":"","meta":{"footnotes":"","_wp_rev_ctl_limit":""},"class_list":["post-602","page","type-page","status-publish","hentry"],"yoast_head":"<!-- This site is optimized with the Yoast SEO plugin v24.5 - https:\/\/yoast.com\/wordpress\/plugins\/seo\/ -->\n<title>Pol\u00edtica de cookies -<\/title>\n<meta name=\"robots\" content=\"noindex, nofollow\" \/>\n<meta property=\"og:locale\" content=\"pt_PT\" \/>\n<meta property=\"og:type\" content=\"article\" \/>\n<meta property=\"og:title\" content=\"Pol\u00edtica de cookies -\" \/>\n<meta property=\"og:description\" content=\"POL\u00cdTICA DE COOKIES INFORMACI\u00d3N SOBRE COOKIES\u00a0 Conforme con la Ley 34\/2002, de 11 de julio, de servicios de la sociedad de la informaci\u00f3n y de comercio electr\u00f3nico (LSSI), en relaci\u00f3n con el Reglamento (UE) 2016\/679 del Parlamento Europeo y del Consejo, de 27 de abril de 2016, General de Protecci\u00f3n de Datos (GDPR) y la [&hellip;]\" \/>\n<meta property=\"og:url\" content=\"https:\/\/garleyauto.com\/pt\/politica-de-cookies\/\" \/>\n<meta property=\"article:modified_time\" content=\"2024-09-25T10:27:05+00:00\" \/>\n<meta name=\"twitter:card\" content=\"summary_large_image\" \/>\n<meta name=\"twitter:label1\" content=\"Tempo estimado de leitura\" \/>\n\t<meta name=\"twitter:data1\" content=\"6 minutos\" \/>\n<script type=\"application\/ld+json\" class=\"yoast-schema-graph\">{\"@context\":\"https:\/\/schema.org\",\"@graph\":[{\"@type\":\"WebPage\",\"@id\":\"https:\/\/garleyauto.com\/politica-de-cookies\/\",\"url\":\"https:\/\/garleyauto.com\/politica-de-cookies\/\",\"name\":\"Pol\u00edtica de cookies -\",\"isPartOf\":{\"@id\":\"https:\/\/garleyauto.com\/#website\"},\"datePublished\":\"2023-08-08T14:53:23+00:00\",\"dateModified\":\"2024-09-25T10:27:05+00:00\",\"breadcrumb\":{\"@id\":\"https:\/\/garleyauto.com\/politica-de-cookies\/#breadcrumb\"},\"inLanguage\":\"pt-PT\",\"potentialAction\":[{\"@type\":\"ReadAction\",\"target\":[\"https:\/\/garleyauto.com\/politica-de-cookies\/\"]}]},{\"@type\":\"BreadcrumbList\",\"@id\":\"https:\/\/garleyauto.com\/politica-de-cookies\/#breadcrumb\",\"itemListElement\":[{\"@type\":\"ListItem\",\"position\":1,\"name\":\"Portada\",\"item\":\"https:\/\/garleyauto.com\/\"},{\"@type\":\"ListItem\",\"position\":2,\"name\":\"Pol\u00edtica de cookies\"}]},{\"@type\":\"WebSite\",\"@id\":\"https:\/\/garleyauto.com\/#website\",\"url\":\"https:\/\/garleyauto.com\/\",\"name\":\"\",\"description\":\"\",\"potentialAction\":[{\"@type\":\"SearchAction\",\"target\":{\"@type\":\"EntryPoint\",\"urlTemplate\":\"https:\/\/garleyauto.com\/?s={search_term_string}\"},\"query-input\":{\"@type\":\"PropertyValueSpecification\",\"valueRequired\":true,\"valueName\":\"search_term_string\"}}],\"inLanguage\":\"pt-PT\"}]}<\/script>\n<!-- \/ Yoast SEO plugin. -->","yoast_head_json":{"title":"Pol\u00edtica de cookies -","robots":{"index":"noindex","follow":"nofollow"},"og_locale":"pt_PT","og_type":"article","og_title":"Pol\u00edtica de cookies -","og_description":"POL\u00cdTICA DE COOKIES INFORMACI\u00d3N SOBRE COOKIES\u00a0 Conforme con la Ley 34\/2002, de 11 de julio, de servicios de la sociedad de la informaci\u00f3n y de comercio electr\u00f3nico (LSSI), en relaci\u00f3n con el Reglamento (UE) 2016\/679 del Parlamento Europeo y del Consejo, de 27 de abril de 2016, General de Protecci\u00f3n de Datos (GDPR) y la [&hellip;]","og_url":"https:\/\/garleyauto.com\/pt\/politica-de-cookies\/","article_modified_time":"2024-09-25T10:27:05+00:00","twitter_card":"summary_large_image","twitter_misc":{"Tempo estimado de leitura":"6 minutos"},"schema":{"@context":"https:\/\/schema.org","@graph":[{"@type":"WebPage","@id":"https:\/\/garleyauto.com\/politica-de-cookies\/","url":"https:\/\/garleyauto.com\/politica-de-cookies\/","name":"Pol\u00edtica de cookies -","isPartOf":{"@id":"https:\/\/garleyauto.com\/#website"},"datePublished":"2023-08-08T14:53:23+00:00","dateModified":"2024-09-25T10:27:05+00:00","breadcrumb":{"@id":"https:\/\/garleyauto.com\/politica-de-cookies\/#breadcrumb"},"inLanguage":"pt-PT","potentialAction":[{"@type":"ReadAction","target":["https:\/\/garleyauto.com\/politica-de-cookies\/"]}]},{"@type":"BreadcrumbList","@id":"https:\/\/garleyauto.com\/politica-de-cookies\/#breadcrumb","itemListElement":[{"@type":"ListItem","position":1,"name":"Portada","item":"https:\/\/garleyauto.com\/"},{"@type":"ListItem","position":2,"name":"Pol\u00edtica de cookies"}]},{"@type":"WebSite","@id":"https:\/\/garleyauto.com\/#website","url":"https:\/\/garleyauto.com\/","name":"","description":"","potentialAction":[{"@type":"SearchAction","target":{"@type":"EntryPoint","urlTemplate":"https:\/\/garleyauto.com\/?s={search_term_string}"},"query-input":{"@type":"PropertyValueSpecification","valueRequired":true,"valueName":"search_term_string"}}],"inLanguage":"pt-PT"}]}},"_links":{"self":[{"href":"https:\/\/garleyauto.com\/pt\/wp-json\/wp\/v2\/pages\/602","targetHints":{"allow":["GET"]}}],"collection":[{"href":"https:\/\/garleyauto.com\/pt\/wp-json\/wp\/v2\/pages"}],"about":[{"href":"https:\/\/garleyauto.com\/pt\/wp-json\/wp\/v2\/types\/page"}],"author":[{"embeddable":true,"href":"https:\/\/garleyauto.com\/pt\/wp-json\/wp\/v2\/users\/1"}],"replies":[{"embeddable":true,"href":"https:\/\/garleyauto.com\/pt\/wp-json\/wp\/v2\/comments?post=602"}],"version-history":[{"count":8,"href":"https:\/\/garleyauto.com\/pt\/wp-json\/wp\/v2\/pages\/602\/revisions"}],"predecessor-version":[{"id":3503,"href":"https:\/\/garleyauto.com\/pt\/wp-json\/wp\/v2\/pages\/602\/revisions\/3503"}],"wp:attachment":[{"href":"https:\/\/garleyauto.com\/pt\/wp-json\/wp\/v2\/media?parent=602"}],"curies":[{"name":"wp","href":"https:\/\/api.w.org\/{rel}","templated":true}]}}